{"id":4822,"date":"2022-11-18T15:43:40","date_gmt":"2022-11-18T15:43:40","guid":{"rendered":"https:\/\/waldes.es\/?page_id=4822"},"modified":"2022-11-18T15:43:43","modified_gmt":"2022-11-18T15:43:43","slug":"aviso-legal","status":"publish","type":"page","link":"https:\/\/waldes.es\/ca\/aviso-legal\/","title":{"rendered":"Aviso Legal"},"content":{"rendered":"<p>[et_pb_section fb_built=&#8221;1&#8243; _builder_version=&#8221;4.16&#8243; background_color=&#8221;#007eac&#8221; use_background_color_gradient=&#8221;on&#8221; background_color_gradient_stops=&#8221;#00556e 0%|#007eac 12%&#8221; background_color_gradient_start=&#8221;#00556e&#8221; background_color_gradient_end=&#8221;#007eac&#8221; background_color_gradient_end_position=&#8221;12%&#8221; top_divider_height=&#8221;20px&#8221; global_colors_info=&#8221;{}&#8221;][et_pb_row _builder_version=&#8221;4.16&#8243; custom_margin=&#8221;0px||0px&#8221; custom_padding=&#8221;0px||0px&#8221; global_colors_info=&#8221;{}&#8221;][et_pb_column type=&#8221;4_4&#8243; _builder_version=&#8221;4.16&#8243; custom_padding=&#8221;|||&#8221; global_colors_info=&#8221;{}&#8221; custom_padding__hover=&#8221;|||&#8221;][et_pb_text _builder_version=&#8221;4.16&#8243; text_font=&#8221;Roboto Slab||||||||&#8221; text_text_color=&#8221;#FFFFFF&#8221; text_font_size=&#8221;45px&#8221; text_line_height=&#8221;1.1em&#8221; header_font=&#8221;||||||||&#8221; text_orientation=&#8221;center&#8221; text_text_align=&#8221;center&#8221; global_colors_info=&#8221;{}&#8221;]<\/p>\n<p>Aviso Legal<\/p>\n<p>[\/et_pb_text][\/et_pb_column][\/et_pb_row][\/et_pb_section][et_pb_section fb_built=&#8221;1&#8243; _builder_version=&#8221;4.16&#8243; width=&#8221;100%&#8221; width_tablet=&#8221;&#8221; width_phone=&#8221;&#8221; width_last_edited=&#8221;on|phone&#8221; max_width=&#8221;100%&#8221; min_height=&#8221;600px&#8221; min_height_tablet=&#8221;705px&#8221; min_height_phone=&#8221;1000px&#8221; min_height_last_edited=&#8221;on|tablet&#8221; custom_margin=&#8221;||5px|||&#8221; custom_padding=&#8221;||0px|||&#8221; global_colors_info=&#8221;{}&#8221;][et_pb_row _builder_version=&#8221;4.16&#8243; background_size=&#8221;initial&#8221; background_position=&#8221;top_left&#8221; background_repeat=&#8221;repeat&#8221; global_colors_info=&#8221;{}&#8221;][et_pb_column type=&#8221;4_4&#8243; _builder_version=&#8221;4.16&#8243; custom_padding=&#8221;|||&#8221; global_colors_info=&#8221;{}&#8221; custom_padding__hover=&#8221;|||&#8221;][et_pb_text _builder_version=&#8221;4.16&#8243; text_font=&#8221;|300|||||||&#8221; background_size=&#8221;initial&#8221; background_position=&#8221;top_left&#8221; background_repeat=&#8221;repeat&#8221; global_colors_info=&#8221;{}&#8221;]<\/p>\n<p>Bienvenido a la p\u00e1gina web de IND\u00daSTRIES WALDES  SCCL, alojada bajo la URL <span><a href=\"https:\/\/www.waldes.es\">https:\/\/www.waldes.es<\/a><\/span> (en adelante, la \u201cP\u00e1gina Web\u201d o la \u201cweb\u201d).<\/p>\n<p><span style=\"font-size: 14px;\">A continuaci\u00f3n, le exponemos los t\u00e9rminos y condiciones de uso de la web que deben seguir los usuarios de la misma. La navegaci\u00f3n a trav\u00e9s de esta P\u00e1gina web le confiere la condici\u00f3n de usuario de la misma. Es por ello que le aconsejamos una atenta lectura para proceder a su correcto uso, ya que toda utilizaci\u00f3n contraria a la aqu\u00ed prevista queda totalmente prohibida y es susceptible de generar responsabilidades frente a su titular.<\/span><\/p>\n<p>A trav\u00e9s de la presente P\u00e1gina web se facilita a los usuarios la posibilidad de acceder a la informaci\u00f3n que ofrece IND\u00daSTRIES WALDES  SCCL relacionada con sus productos y servicios.<\/p>\n<h2>1. <strong>Datos identificativos<\/strong><\/h2>\n<p>En cumplimiento con el deber de informaci\u00f3n recogido en el art\u00edculo 10 de la Ley 34\/2002, de 11 de julio, de servicios de la sociedad de la informaci\u00f3n y del comercio electr\u00f3nico, se dispone que IND\u00daSTRIES WALDES  SCCL, es la propietaria de la P\u00e1gina web. La informaci\u00f3n y contenidos que se recogen en la misma son propiedad de IND\u00daSTRIES WALDES  SCCL. Su obtenci\u00f3n, reproducci\u00f3n, distribuci\u00f3n, cesi\u00f3n, transmisi\u00f3n, transformaci\u00f3n, modificaci\u00f3n, explotaci\u00f3n o comunicaci\u00f3n p\u00fablica para uso distinto al aqu\u00ed previsto queda totalmente prohibida.<\/p>\n<p>IND\u00daSTRIES WALDES  SCCL, es una cooperativa con CIF F08678054, inscrita en el Registro Territorial de Cooperativas de Barcelona, BN-1100 y domiciliada en Barcelona (08005), Calle Ram\u00f3n Turr\u00f3 111-125 y con direcci\u00f3n de correo electr\u00f3nico <u>waldes@waldes.es<\/u><\/p>\n<h2> 2. <strong>Condiciones de acceso, utilizaci\u00f3n y funcionamiento de la p\u00e1gina web<\/strong><\/h2>\n<p>El acceso a la web es libre. Como usuario de la web debe realizar en todo momento un uso adecuado de la misma y de lo que incluye, respetando en todo momento la legalidad vigente y los derechos de propiedad de IND\u00daSTRIES WALDES  SCCL. Queda prohibido que todo usuario o tercero realice cualquier acci\u00f3n (inclusive introducci\u00f3n o difusi\u00f3n de virus inform\u00e1ticos) que provoque da\u00f1os o alteraciones a los contenidos de la P\u00e1gina web, as\u00ed como intervenga o provoque alteraciones en el correo electr\u00f3nico, reserv\u00e1ndose IND\u00daSTRIES WALDES  SCCL el derecho de excluir el acceso a la P\u00e1gina web a cualquier usuario que infrinja dicha prohibici\u00f3n.<\/p>\n<p>En todo caso, nos reservamos el derecho a suspender temporalmente, y sin necesidad de previo aviso a los usuarios, la accesibilidad a nuestra P\u00e1gina web en caso de efectuar operaciones de mantenimiento, reparaci\u00f3n, actualizaci\u00f3n o mejora de los servicios, informaciones y contenidos, as\u00ed como modificaciones o actualizaciones de la misma o de sus contenidos y condiciones de acceso. IND\u00daSTRIES WALDES  SCCL se exime de cualquier responsabilidad por las consecuencias, perjuicios, o inconvenientes  que estas actuaciones pudieran ocasionar al usuario de  la web,  aunque  siempre que sea posible realizaremos estas actuaciones en aquellas franjas horarias de menor tr\u00e1fico web para minimizar los posibles inconvenientes.<\/p>\n<h2> 3. <strong>Pol\u00edtica de enlaces<\/strong><\/h2>\n<p>En el caso de que en la presente p\u00e1gina web se dispusiesen enlaces o hiperv\u00ednculos hac\u00eda otros sitios de Internet, IND\u00daSTRIES WALDES  SCCL no ejercer\u00e1 ning\u00fan tipo de control sobre dichos sitios y contenidos. En ning\u00fan caso IND\u00daSTRIES WALDES  SCCL asumir\u00e1 responsabilidad alguna por los contenidos de alg\u00fan enlace perteneciente a un sitio web ajeno, ni garantizar\u00e1 la disponibilidad t\u00e9cnica, calidad, fiabilidad, exactitud, amplitud, veracidad, validez y constitucionalidad de cualquier material o informaci\u00f3n contenido en ninguno de dichos hiperv\u00ednculos u otros sitios de Internet. Igualmente la inclusi\u00f3n de estas conexiones externas no implicar\u00e1 ning\u00fan tipo de asociaci\u00f3n, fusi\u00f3n o participaci\u00f3n con las entidades conectadas.<\/p>\n<h2> 4. <strong>Propiedad industrial e intelectual<\/strong><\/h2>\n<p>Todos los contenidos de la presente P\u00e1gina web (a t\u00edtulo enunciativo y no limitativo, bases de datos, textos, marcas, nombres comerciales, audio, logotipos, signos distintivos, animaciones, im\u00e1genes, videos, dise\u00f1os, estructura de la p\u00e1gina, etc.) son titularidad de IND\u00daSTRIES WALDES  SCCL o han sido cedidas a \u00e9sta para su uso. El uso de la presente P\u00e1gina web no confiere a los usuarios ning\u00fan derecho de explotaci\u00f3n de ninguna clase ni su titularidad sobre los contenidos de la misma, as\u00ed como tampoco su propiedad intelectual y\/o industrial.<\/p>\n<p>Queda totalmente prohibida la transformaci\u00f3n, reproducci\u00f3n, explotaci\u00f3n, distribuci\u00f3n, comunicaci\u00f3n p\u00fablica y\/o cesi\u00f3n, ya sea a t\u00edtulo oneroso o gratuito, de cualquiera de los contenidos de la P\u00e1gina web.<\/p>\n<p>IND\u00daSTRIES WALDES  SCCL hace expresa reserva frente a los usuarios y dem\u00e1s terceros del ejercicio de cuantas acciones amparen sus leg\u00edtimos derechos de propiedad intelectual e industrial.<\/p>\n<h2>5. <strong>Datos de car\u00e1cter personal- Pol\u00edtica de Privacidad<\/strong><\/h2>\n<p>La navegaci\u00f3n de un usuario por nuestra P\u00e1gina web se lleva a cabo de modo totalmente an\u00f3nimo. No recopilamos datos de car\u00e1cter personal, excepto cuando el usuario nos proporciona esta informaci\u00f3n de forma expresa y voluntaria. El usuario declara bajo su responsabilidad que los datos que facilita a IND\u00daSTRIES WALDES  SCCL son ciertos, correctos y que pertenecen a su persona. Cualquier manifestaci\u00f3n falsa o inexacta que se produzca como consecuencia de las informaciones y datos manifestados as\u00ed como los perjuicios que tal informaci\u00f3n pudieran causar ser\u00e1 responsabilidad de los usuarios.<br \/> Nos comprometemos a cumplir con nuestra obligaci\u00f3n de secreto respecto de los datos de car\u00e1cter personal obtenidos y a tratarlos con la confidencialidad exigida. En este sentido, adoptamos las medidas de seguridad adecuadas en cumplimiento con la legislaci\u00f3n aplicable de Protecci\u00f3n de Datos de Car\u00e1cter Personal, Reglamento (UE) 2016\/679 relativo a la protecci\u00f3n de las personas  f\u00edsicas en lo que respecta al tratamiento de datos personales y a la libre circulaci\u00f3n de estos datos para evitar su alteraci\u00f3n, p\u00e9rdida o tratamiento o acceso no autorizado.<\/p>\n<p>A continuaci\u00f3n le informamos de los aspectos b\u00e1sicos relativos a  nuestra  pol\u00edtica  de privacidad. Puede ampliar esta informaci\u00f3n consultando nuestra web o bien enviando un correo electr\u00f3nico a waldes@waldes.es<\/p>\n<h2>6. <strong>Legislaci\u00f3n y jurisdicci\u00f3n aplicable<\/strong><\/h2>\n<p>Los posibles conflictos relativos a esta p\u00e1gina web se regir\u00e1n exclusivamente por el derecho del estado espa\u00f1ol  y de la Comunidad aut\u00f3noma de Catalunya siendo \u00fanicamente competentes para su conocimiento los tribunales de la ciudad de Barcelona. Toda persona  usuaria de la  web, independientemente de la  jurisdicci\u00f3n territorial desde la que se produzca su acceso,  acepta el cumplimiento y respeta  la presente cl\u00e1usula con renuncia expresa a cualquier otro fuero que le pudiera corresponder.<\/p>\n<p><em>Copyright \u00a9 IND\u00daSTRIES WALDES  SCCL, C. Ram\u00f3n Turr\u00f3 111-125. <\/em><em>08005 \u2013 Barcelona.<\/em><\/p>\n<p>[\/et_pb_text][\/et_pb_column][\/et_pb_row][\/et_pb_section]<\/p>\n","protected":false},"excerpt":{"rendered":"<p>Aviso LegalBienvenido a la p\u00e1gina web de IND\u00daSTRIES WALDES SCCL, alojada bajo la URL https:\/\/www.waldes.es (en adelante, la \u201cP\u00e1gina Web\u201d o la \u201cweb\u201d). A continuaci\u00f3n, le exponemos los t\u00e9rminos y condiciones de uso de la web que deben seguir los usuarios de la misma. La navegaci\u00f3n a trav\u00e9s de esta P\u00e1gina web le confiere la [&hellip;]<\/p>\n","protected":false},"author":1,"featured_media":0,"parent":0,"menu_order":0,"comment_status":"closed","ping_status":"closed","template":"","meta":{"_et_pb_use_builder":"on","_et_pb_old_content":"[et_pb_section fb_built=\"1\" _builder_version=\"3.23.3\" background_color=\"#007eac\" use_background_color_gradient=\"on\" background_color_gradient_start=\"#00556e\" background_color_gradient_end=\"#007eac\" background_color_gradient_end_position=\"12%\" top_divider_height=\"20px\"][et_pb_row _builder_version=\"3.25\" custom_margin=\"0px||0px\" custom_padding=\"0px||0px\"][et_pb_column type=\"4_4\" _builder_version=\"3.25\" custom_padding=\"|||\" custom_padding__hover=\"|||\"][et_pb_text _builder_version=\"3.29.3\" text_font=\"Roboto Slab||||||||\" text_text_color=\"#FFFFFF\" text_font_size=\"45px\" text_line_height=\"1.1em\" header_font=\"||||||||\" text_orientation=\"center\" text_text_align=\"center\"]<p>Aviso Legal<\/p>[\/et_pb_text][\/et_pb_column][\/et_pb_row][\/et_pb_section][et_pb_section fb_built=\"1\" _builder_version=\"3.29.3\" width=\"100%\" width_tablet=\"\" width_phone=\"\" width_last_edited=\"on|phone\" max_width=\"100%\" min_height=\"600px\" min_height_tablet=\"705px\" min_height_phone=\"1000px\" min_height_last_edited=\"on|tablet\" custom_margin=\"||5px|||\" custom_padding=\"||0px|||\"][et_pb_row _builder_version=\"3.25\" background_size=\"initial\" background_position=\"top_left\" background_repeat=\"repeat\"][et_pb_column type=\"4_4\" _builder_version=\"3.25\" custom_padding=\"|||\" custom_padding__hover=\"|||\"][et_pb_text _builder_version=\"4.0.6\" text_font=\"|300|||||||\" background_size=\"initial\" background_position=\"top_left\" background_repeat=\"repeat\" hover_enabled=\"0\"]<p>Bienvenido a la p\u00e1gina web de IND\u00daSTRIES WALDES  SCCL, alojada bajo la URL <span><a href=\"https:\/\/www.waldes.es\">https:\/\/www.waldes.es<\/a><\/span> (en adelante, la \u201cP\u00e1gina Web\u201d o la \u201cweb\u201d).<\/p>\r\n<p><span style=\"font-size: 14px;\">A continuaci\u00f3n, le exponemos los t\u00e9rminos y condiciones de uso de la web que deben seguir los usuarios de la misma. La navegaci\u00f3n a trav\u00e9s de esta P\u00e1gina web le confiere la condici\u00f3n de usuario de la misma. Es por ello que le aconsejamos una atenta lectura para proceder a su correcto uso, ya que toda utilizaci\u00f3n contraria a la aqu\u00ed prevista queda totalmente prohibida y es susceptible de generar responsabilidades frente a su titular.<\/span><\/p>\r\n<p>A trav\u00e9s de la presente P\u00e1gina web se facilita a los usuarios la posibilidad de acceder a la informaci\u00f3n que ofrece IND\u00daSTRIES WALDES  SCCL relacionada con sus productos y servicios.<\/p>\r\n<h2>1. <strong>Datos identificativos<\/strong><\/h2>\r\n<p>En cumplimiento con el deber de informaci\u00f3n recogido en el art\u00edculo 10 de la Ley 34\/2002, de 11 de julio, de servicios de la sociedad de la informaci\u00f3n y del comercio electr\u00f3nico, se dispone que IND\u00daSTRIES WALDES  SCCL, es la propietaria de la P\u00e1gina web. La informaci\u00f3n y contenidos que se recogen en la misma son propiedad de IND\u00daSTRIES WALDES  SCCL. Su obtenci\u00f3n, reproducci\u00f3n, distribuci\u00f3n, cesi\u00f3n, transmisi\u00f3n, transformaci\u00f3n, modificaci\u00f3n, explotaci\u00f3n o comunicaci\u00f3n p\u00fablica para uso distinto al aqu\u00ed previsto queda totalmente prohibida.<\/p>\r\n<p>IND\u00daSTRIES WALDES  SCCL, es una cooperativa con CIF F08678054, inscrita en el Registro Territorial de Cooperativas de Barcelona, BN-1100 y domiciliada en Barcelona (08005), Calle Ram\u00f3n Turr\u00f3 111-125 y con direcci\u00f3n de correo electr\u00f3nico <u>waldes@waldes.es<\/u><\/p>\r\n<h2> 2. <strong>Condiciones de acceso, utilizaci\u00f3n y funcionamiento de la p\u00e1gina web<\/strong><\/h2>\r\n<p>El acceso a la web es libre. Como usuario de la web debe realizar en todo momento un uso adecuado de la misma y de lo que incluye, respetando en todo momento la legalidad vigente y los derechos de propiedad de IND\u00daSTRIES WALDES  SCCL. Queda prohibido que todo usuario o tercero realice cualquier acci\u00f3n (inclusive introducci\u00f3n o difusi\u00f3n de virus inform\u00e1ticos) que provoque da\u00f1os o alteraciones a los contenidos de la P\u00e1gina web, as\u00ed como intervenga o provoque alteraciones en el correo electr\u00f3nico, reserv\u00e1ndose IND\u00daSTRIES WALDES  SCCL el derecho de excluir el acceso a la P\u00e1gina web a cualquier usuario que infrinja dicha prohibici\u00f3n.<\/p>\r\n<p>En todo caso, nos reservamos el derecho a suspender temporalmente, y sin necesidad de previo aviso a los usuarios, la accesibilidad a nuestra P\u00e1gina web en caso de efectuar operaciones de mantenimiento, reparaci\u00f3n, actualizaci\u00f3n o mejora de los servicios, informaciones y contenidos, as\u00ed como modificaciones o actualizaciones de la misma o de sus contenidos y condiciones de acceso. IND\u00daSTRIES WALDES  SCCL se exime de cualquier responsabilidad por las consecuencias, perjuicios, o inconvenientes  que estas actuaciones pudieran ocasionar al usuario de  la web,  aunque  siempre que sea posible realizaremos estas actuaciones en aquellas franjas horarias de menor tr\u00e1fico web para minimizar los posibles inconvenientes.<\/p>\r\n<h2> 3. <strong>Pol\u00edtica de enlaces<\/strong><\/h2>\r\n<p>En el caso de que en la presente p\u00e1gina web se dispusiesen enlaces o hiperv\u00ednculos hac\u00eda otros sitios de Internet, IND\u00daSTRIES WALDES  SCCL no ejercer\u00e1 ning\u00fan tipo de control sobre dichos sitios y contenidos. En ning\u00fan caso IND\u00daSTRIES WALDES  SCCL asumir\u00e1 responsabilidad alguna por los contenidos de alg\u00fan enlace perteneciente a un sitio web ajeno, ni garantizar\u00e1 la disponibilidad t\u00e9cnica, calidad, fiabilidad, exactitud, amplitud, veracidad, validez y constitucionalidad de cualquier material o informaci\u00f3n contenido en ninguno de dichos hiperv\u00ednculos u otros sitios de Internet. Igualmente la inclusi\u00f3n de estas conexiones externas no implicar\u00e1 ning\u00fan tipo de asociaci\u00f3n, fusi\u00f3n o participaci\u00f3n con las entidades conectadas.<\/p>\r\n<h2> 4. <strong>Propiedad industrial e intelectual<\/strong><\/h2>\r\n<p>Todos los contenidos de la presente P\u00e1gina web (a t\u00edtulo enunciativo y no limitativo, bases de datos, textos, marcas, nombres comerciales, audio, logotipos, signos distintivos, animaciones, im\u00e1genes, videos, dise\u00f1os, estructura de la p\u00e1gina, etc.) son titularidad de IND\u00daSTRIES WALDES  SCCL o han sido cedidas a \u00e9sta para su uso. El uso de la presente P\u00e1gina web no confiere a los usuarios ning\u00fan derecho de explotaci\u00f3n de ninguna clase ni su titularidad sobre los contenidos de la misma, as\u00ed como tampoco su propiedad intelectual y\/o industrial.<\/p>\r\n<p>Queda totalmente prohibida la transformaci\u00f3n, reproducci\u00f3n, explotaci\u00f3n, distribuci\u00f3n, comunicaci\u00f3n p\u00fablica y\/o cesi\u00f3n, ya sea a t\u00edtulo oneroso o gratuito, de cualquiera de los contenidos de la P\u00e1gina web.<\/p>\r\n<p>IND\u00daSTRIES WALDES  SCCL hace expresa reserva frente a los usuarios y dem\u00e1s terceros del ejercicio de cuantas acciones amparen sus leg\u00edtimos derechos de propiedad intelectual e industrial.<\/p>\r\n<h2>5. <strong>Datos de car\u00e1cter personal- Pol\u00edtica de Privacidad<\/strong><\/h2>\r\n<p>La navegaci\u00f3n de un usuario por nuestra P\u00e1gina web se lleva a cabo de modo totalmente an\u00f3nimo. No recopilamos datos de car\u00e1cter personal, excepto cuando el usuario nos proporciona esta informaci\u00f3n de forma expresa y voluntaria. El usuario declara bajo su responsabilidad que los datos que facilita a IND\u00daSTRIES WALDES  SCCL son ciertos, correctos y que pertenecen a su persona. Cualquier manifestaci\u00f3n falsa o inexacta que se produzca como consecuencia de las informaciones y datos manifestados as\u00ed como los perjuicios que tal informaci\u00f3n pudieran causar ser\u00e1 responsabilidad de los usuarios.<br \/> Nos comprometemos a cumplir con nuestra obligaci\u00f3n de secreto respecto de los datos de car\u00e1cter personal obtenidos y a tratarlos con la confidencialidad exigida. En este sentido, adoptamos las medidas de seguridad adecuadas en cumplimiento con la legislaci\u00f3n aplicable de Protecci\u00f3n de Datos de Car\u00e1cter Personal, Reglamento (UE) 2016\/679 relativo a la protecci\u00f3n de las personas  f\u00edsicas en lo que respecta al tratamiento de datos personales y a la libre circulaci\u00f3n de estos datos para evitar su alteraci\u00f3n, p\u00e9rdida o tratamiento o acceso no autorizado.<\/p>\r\n<p>A continuaci\u00f3n le informamos de los aspectos b\u00e1sicos relativos a  nuestra  pol\u00edtica  de privacidad. Puede ampliar esta informaci\u00f3n consultando nuestra web o bien enviando un correo electr\u00f3nico a waldes@waldes.es<\/p>\r\n<h2>6. <strong>Legislaci\u00f3n y jurisdicci\u00f3n aplicable<\/strong><\/h2>\r\n<p>Los posibles conflictos relativos a esta p\u00e1gina web se regir\u00e1n exclusivamente por el derecho del estado espa\u00f1ol  y de la Comunidad aut\u00f3noma de Catalunya siendo \u00fanicamente competentes para su conocimiento los tribunales de la ciudad de Barcelona. Toda persona  usuaria de la  web, independientemente de la  jurisdicci\u00f3n territorial desde la que se produzca su acceso,  acepta el cumplimiento y respeta  la presente cl\u00e1usula con renuncia expresa a cualquier otro fuero que le pudiera corresponder.<\/p>\r\n<p><em>Copyright \u00a9 IND\u00daSTRIES WALDES  SCCL, C. Ram\u00f3n Turr\u00f3 111-125. <\/em><em>08005 \u2013 Barcelona.<\/em><\/p>[\/et_pb_text][\/et_pb_column][\/et_pb_row][\/et_pb_section]","_et_gb_content_width":"","footnotes":""},"class_list":["post-4822","page","type-page","status-publish","hentry"],"yoast_head":"<!-- This site is optimized with the Yoast SEO plugin v27.4 - https:\/\/yoast.com\/product\/yoast-seo-wordpress\/ -->\n<title>Aviso Legal - Waldes<\/title>\n<meta name=\"robots\" content=\"index, follow, max-snippet:-1, max-image-preview:large, max-video-preview:-1\" \/>\n<link rel=\"canonical\" href=\"https:\/\/waldes.es\/ca\/aviso-legal\/\" \/>\n<meta property=\"og:locale\" content=\"ca_ES\" \/>\n<meta property=\"og:type\" content=\"article\" \/>\n<meta property=\"og:title\" content=\"Aviso Legal - Waldes\" \/>\n<meta property=\"og:description\" content=\"Aviso LegalBienvenido a la p\u00e1gina web de IND\u00daSTRIES WALDES SCCL, alojada bajo la URL https:\/\/www.waldes.es (en adelante, la \u201cP\u00e1gina Web\u201d o la \u201cweb\u201d). A continuaci\u00f3n, le exponemos los t\u00e9rminos y condiciones de uso de la web que deben seguir los usuarios de la misma. La navegaci\u00f3n a trav\u00e9s de esta P\u00e1gina web le confiere la [&hellip;]\" \/>\n<meta property=\"og:url\" content=\"https:\/\/waldes.es\/ca\/aviso-legal\/\" \/>\n<meta property=\"og:site_name\" content=\"Waldes\" \/>\n<meta property=\"article:modified_time\" content=\"2022-11-18T15:43:43+00:00\" \/>\n<meta name=\"twitter:card\" content=\"summary_large_image\" \/>\n<meta name=\"twitter:label1\" content=\"Temps estimat de lectura\" \/>\n\t<meta name=\"twitter:data1\" content=\"5 minuts\" \/>\n<script type=\"application\/ld+json\" class=\"yoast-schema-graph\">{\"@context\":\"https:\\\/\\\/schema.org\",\"@graph\":[{\"@type\":\"WebPage\",\"@id\":\"https:\\\/\\\/waldes.es\\\/ca\\\/aviso-legal\\\/\",\"url\":\"https:\\\/\\\/waldes.es\\\/ca\\\/aviso-legal\\\/\",\"name\":\"Aviso Legal - Waldes\",\"isPartOf\":{\"@id\":\"https:\\\/\\\/waldes.es\\\/ca\\\/#website\"},\"datePublished\":\"2022-11-18T15:43:40+00:00\",\"dateModified\":\"2022-11-18T15:43:43+00:00\",\"breadcrumb\":{\"@id\":\"https:\\\/\\\/waldes.es\\\/ca\\\/aviso-legal\\\/#breadcrumb\"},\"inLanguage\":\"ca\",\"potentialAction\":[{\"@type\":\"ReadAction\",\"target\":[\"https:\\\/\\\/waldes.es\\\/ca\\\/aviso-legal\\\/\"]}]},{\"@type\":\"BreadcrumbList\",\"@id\":\"https:\\\/\\\/waldes.es\\\/ca\\\/aviso-legal\\\/#breadcrumb\",\"itemListElement\":[{\"@type\":\"ListItem\",\"position\":1,\"name\":\"Portada\",\"item\":\"https:\\\/\\\/waldes.es\\\/ca\\\/\"},{\"@type\":\"ListItem\",\"position\":2,\"name\":\"Aviso Legal\"}]},{\"@type\":\"WebSite\",\"@id\":\"https:\\\/\\\/waldes.es\\\/ca\\\/#website\",\"url\":\"https:\\\/\\\/waldes.es\\\/ca\\\/\",\"name\":\"Waldes\",\"description\":\"Botones y broches\",\"potentialAction\":[{\"@type\":\"SearchAction\",\"target\":{\"@type\":\"EntryPoint\",\"urlTemplate\":\"https:\\\/\\\/waldes.es\\\/ca\\\/?s={search_term_string}\"},\"query-input\":{\"@type\":\"PropertyValueSpecification\",\"valueRequired\":true,\"valueName\":\"search_term_string\"}}],\"inLanguage\":\"ca\"}]}<\/script>\n<!-- \/ Yoast SEO plugin. -->","yoast_head_json":{"title":"Aviso Legal - Waldes","robots":{"index":"index","follow":"follow","max-snippet":"max-snippet:-1","max-image-preview":"max-image-preview:large","max-video-preview":"max-video-preview:-1"},"canonical":"https:\/\/waldes.es\/ca\/aviso-legal\/","og_locale":"ca_ES","og_type":"article","og_title":"Aviso Legal - Waldes","og_description":"Aviso LegalBienvenido a la p\u00e1gina web de IND\u00daSTRIES WALDES SCCL, alojada bajo la URL https:\/\/www.waldes.es (en adelante, la \u201cP\u00e1gina Web\u201d o la \u201cweb\u201d). A continuaci\u00f3n, le exponemos los t\u00e9rminos y condiciones de uso de la web que deben seguir los usuarios de la misma. La navegaci\u00f3n a trav\u00e9s de esta P\u00e1gina web le confiere la [&hellip;]","og_url":"https:\/\/waldes.es\/ca\/aviso-legal\/","og_site_name":"Waldes","article_modified_time":"2022-11-18T15:43:43+00:00","twitter_card":"summary_large_image","twitter_misc":{"Temps estimat de lectura":"5 minuts"},"schema":{"@context":"https:\/\/schema.org","@graph":[{"@type":"WebPage","@id":"https:\/\/waldes.es\/ca\/aviso-legal\/","url":"https:\/\/waldes.es\/ca\/aviso-legal\/","name":"Aviso Legal - Waldes","isPartOf":{"@id":"https:\/\/waldes.es\/ca\/#website"},"datePublished":"2022-11-18T15:43:40+00:00","dateModified":"2022-11-18T15:43:43+00:00","breadcrumb":{"@id":"https:\/\/waldes.es\/ca\/aviso-legal\/#breadcrumb"},"inLanguage":"ca","potentialAction":[{"@type":"ReadAction","target":["https:\/\/waldes.es\/ca\/aviso-legal\/"]}]},{"@type":"BreadcrumbList","@id":"https:\/\/waldes.es\/ca\/aviso-legal\/#breadcrumb","itemListElement":[{"@type":"ListItem","position":1,"name":"Portada","item":"https:\/\/waldes.es\/ca\/"},{"@type":"ListItem","position":2,"name":"Aviso Legal"}]},{"@type":"WebSite","@id":"https:\/\/waldes.es\/ca\/#website","url":"https:\/\/waldes.es\/ca\/","name":"Waldes","description":"Botones y broches","potentialAction":[{"@type":"SearchAction","target":{"@type":"EntryPoint","urlTemplate":"https:\/\/waldes.es\/ca\/?s={search_term_string}"},"query-input":{"@type":"PropertyValueSpecification","valueRequired":true,"valueName":"search_term_string"}}],"inLanguage":"ca"}]}},"_links":{"self":[{"href":"https:\/\/waldes.es\/ca\/wp-json\/wp\/v2\/pages\/4822","targetHints":{"allow":["GET"]}}],"collection":[{"href":"https:\/\/waldes.es\/ca\/wp-json\/wp\/v2\/pages"}],"about":[{"href":"https:\/\/waldes.es\/ca\/wp-json\/wp\/v2\/types\/page"}],"author":[{"embeddable":true,"href":"https:\/\/waldes.es\/ca\/wp-json\/wp\/v2\/users\/1"}],"replies":[{"embeddable":true,"href":"https:\/\/waldes.es\/ca\/wp-json\/wp\/v2\/comments?post=4822"}],"version-history":[{"count":2,"href":"https:\/\/waldes.es\/ca\/wp-json\/wp\/v2\/pages\/4822\/revisions"}],"predecessor-version":[{"id":4824,"href":"https:\/\/waldes.es\/ca\/wp-json\/wp\/v2\/pages\/4822\/revisions\/4824"}],"wp:attachment":[{"href":"https:\/\/waldes.es\/ca\/wp-json\/wp\/v2\/media?parent=4822"}],"curies":[{"name":"wp","href":"https:\/\/api.w.org\/{rel}","templated":true}]}}