{"id":4846,"date":"2022-11-22T11:52:50","date_gmt":"2022-11-22T11:52:50","guid":{"rendered":"https:\/\/waldes.es\/accesoris\/"},"modified":"2022-11-30T14:17:00","modified_gmt":"2022-11-30T14:17:00","slug":"accesoris","status":"publish","type":"page","link":"https:\/\/waldes.es\/ca\/accesoris\/","title":{"rendered":"Accesoris"},"content":{"rendered":"<p>[et_pb_section fb_built=&#8221;1&#8243; _builder_version=&#8221;4.16&#8243; background_color=&#8221;#007eac&#8221; use_background_color_gradient=&#8221;on&#8221; background_color_gradient_stops=&#8221;#00556e 0%|#007eac 10%&#8221; background_color_gradient_start=&#8221;#00556e&#8221; background_color_gradient_end=&#8221;#007eac&#8221; background_color_gradient_end_position=&#8221;10%&#8221; custom_margin=&#8221;-22px||||false|false&#8221; custom_padding=&#8221;||38px|||&#8221; top_divider_height=&#8221;20px&#8221; global_colors_info=&#8221;{}&#8221;][et_pb_row _builder_version=&#8221;4.16&#8243; custom_margin=&#8221;-20px||-20px||false|false&#8221; custom_padding=&#8221;1px||0px||false|false&#8221; global_colors_info=&#8221;{}&#8221;][et_pb_column type=&#8221;4_4&#8243; _builder_version=&#8221;4.16&#8243; custom_padding=&#8221;|||&#8221; global_colors_info=&#8221;{}&#8221; custom_padding__hover=&#8221;|||&#8221;][et_pb_text _builder_version=&#8221;4.16&#8243; text_font=&#8221;Roboto Slab||||||||&#8221; text_text_color=&#8221;#FFFFFF&#8221; text_font_size=&#8221;35px&#8221; text_line_height=&#8221;1em&#8221; header_font=&#8221;||||||||&#8221; text_orientation=&#8221;center&#8221; custom_margin=&#8221;-5px|||||&#8221; text_text_align=&#8221;center&#8221; global_colors_info=&#8221;{}&#8221;]<\/p>\n<p>Accesoris<\/p>\n<p>[\/et_pb_text][\/et_pb_column][\/et_pb_row][\/et_pb_section][et_pb_section fb_built=&#8221;1&#8243; fullwidth=&#8221;on&#8221; _builder_version=&#8221;4.16&#8243; background_color=&#8221;rgba(99,93,84,0.75)&#8221; background_image=&#8221;https:\/\/waldes.es\/wp-content\/uploads\/2019\/11\/accesorios-apliques-b.jpg&#8221; background_blend=&#8221;overlay&#8221; width=&#8221;100%&#8221; max_width_tablet=&#8221;&#8221; max_width_phone=&#8221;&#8221; max_width_last_edited=&#8221;on|phone&#8221; height=&#8221;290px&#8221; max_height=&#8221;435px&#8221; max_height_tablet=&#8221;&#8221; max_height_phone=&#8221;100px&#8221; max_height_last_edited=&#8221;on|phone&#8221; custom_margin=&#8221;0px|0px|0px|0px&#8221; custom_padding=&#8221;49px|0px|0px|0px||&#8221; top_divider_height=&#8221;0px&#8221; global_colors_info=&#8221;{}&#8221;][\/et_pb_section][et_pb_section fb_built=&#8221;1&#8243; _builder_version=&#8221;4.16&#8243; width=&#8221;100%&#8221; min_height=&#8221;236px&#8221; custom_margin=&#8221;||5px|||&#8221; custom_padding=&#8221;||0px|||&#8221; global_colors_info=&#8221;{}&#8221;][et_pb_row column_structure=&#8221;1_4,1_2,1_4&#8243; _builder_version=&#8221;4.16&#8243; width=&#8221;100%&#8221; module_alignment=&#8221;center&#8221; height=&#8221;198px&#8221; custom_margin=&#8221;0px|0px|0px|0px|false|false&#8221; custom_padding=&#8221;28px||0px|||&#8221; global_colors_info=&#8221;{}&#8221;][et_pb_column type=&#8221;1_4&#8243; module_class=&#8221;menu-productos&#8221; _builder_version=&#8221;4.16&#8243; custom_padding=&#8221;|||&#8221; global_colors_info=&#8221;{}&#8221; custom_padding__hover=&#8221;|||&#8221;][et_pb_divider show_divider=&#8221;off&#8221; _builder_version=&#8221;4.16&#8243; min_height=&#8221;100px&#8221; min_height_tablet=&#8221;&#8221; min_height_phone=&#8221;0px&#8221; min_height_last_edited=&#8221;on|phone&#8221; global_colors_info=&#8221;{}&#8221;][\/et_pb_divider][\/et_pb_column][et_pb_column type=&#8221;1_2&#8243; _builder_version=&#8221;4.16&#8243; custom_padding=&#8221;|||&#8221; global_colors_info=&#8221;{}&#8221; custom_padding__hover=&#8221;|||&#8221;][et_pb_text _builder_version=&#8221;4.16&#8243; text_font=&#8221;Roboto|300|||||||&#8221; text_font_size=&#8221;18px&#8221; custom_padding=&#8221;|36px||36px||true&#8221; text_font_size_tablet=&#8221;18px&#8221; text_font_size_phone=&#8221;15px&#8221; text_font_size_last_edited=&#8221;on|phone&#8221; global_colors_info=&#8221;{}&#8221;]La nostra gamma d&#8217;accessoris per a la confecci\u00f3 i marroquineria: sivelles, mosquetons, tensors, per tapar el nus, ganxo pantalons i altres articles.[\/et_pb_text][\/et_pb_column][et_pb_column type=&#8221;1_4&#8243; _builder_version=&#8221;4.16&#8243; custom_padding=&#8221;|||&#8221; global_colors_info=&#8221;{}&#8221; custom_padding__hover=&#8221;|||&#8221;][\/et_pb_column][\/et_pb_row][\/et_pb_section][et_pb_section fb_built=&#8221;1&#8243; disabled_on=&#8221;off|on|on&#8221; _builder_version=&#8221;4.16&#8243; custom_margin=&#8221;||1.7%||false|false&#8221; custom_padding=&#8221;24px||32px|||&#8221; global_colors_info=&#8221;{}&#8221;][et_pb_row disabled_on=&#8221;off|on|on&#8221; module_id=&#8221;hebillas&#8221; _builder_version=&#8221;4.16&#8243; overflow-x_last_edited=&#8221;off|desktop&#8221; global_colors_info=&#8221;{}&#8221;][et_pb_column type=&#8221;4_4&#8243; _builder_version=&#8221;4.16&#8243; global_colors_info=&#8221;{}&#8221;][\/et_pb_column][\/et_pb_row][\/et_pb_section][et_pb_section fb_built=&#8221;1&#8243; _builder_version=&#8221;4.16&#8243; custom_margin=&#8221;0px|5%|5%|5%|false|false&#8221; custom_margin_tablet=&#8221;&#8221; custom_margin_phone=&#8221;&#8221; custom_margin_last_edited=&#8221;on|phone&#8221; custom_padding=&#8221;0px|5%|0px|5%|false|false&#8221; global_colors_info=&#8221;{}&#8221;][et_pb_row column_structure=&#8221;3_5,2_5&#8243; make_equal=&#8221;on&#8221; module_class=&#8221;productos&#8221; _builder_version=&#8221;4.16&#8243; width=&#8221;100%&#8221; module_alignment=&#8221;center&#8221; min_height=&#8221;90px&#8221; custom_margin=&#8221;10px|0px|0px|0px|false|false&#8221; custom_margin_tablet=&#8221;|0px|||false|false&#8221; custom_margin_phone=&#8221;&#8221; custom_margin_last_edited=&#8221;on|phone&#8221; custom_padding=&#8221;10px|0px|5px|0px|false|false&#8221; border_width_top=&#8221;1px&#8221; global_colors_info=&#8221;{}&#8221;][et_pb_column type=&#8221;3_5&#8243; _builder_version=&#8221;4.16&#8243; global_colors_info=&#8221;{}&#8221;][et_pb_image src=&#8221;https:\/\/waldes.es\/wp-content\/uploads\/2019\/10\/Hebillas-1.jpg&#8221; show_in_lightbox=&#8221;on&#8221; _builder_version=&#8221;4.16&#8243; custom_margin=&#8221;-10px||||false|false&#8221; custom_padding=&#8221;0px||0px|||&#8221; global_colors_info=&#8221;{}&#8221;][\/et_pb_image][\/et_pb_column][et_pb_column type=&#8221;2_5&#8243; module_class=&#8221;ds-vertical-align&#8221; _builder_version=&#8221;4.16&#8243; global_colors_info=&#8221;{}&#8221;][et_pb_text _builder_version=&#8221;4.16&#8243; text_font=&#8221;Roboto Slab|700|||||||&#8221; text_font_size=&#8221;24px&#8221; custom_margin=&#8221;||19px|||&#8221; global_colors_info=&#8221;{}&#8221;]<\/p>\n<h2>Sivelles<\/h2>\n<p>[\/et_pb_text][et_pb_code admin_label=&#8221;Codi&#8221; _builder_version=&#8221;4.16&#8243; global_colors_info=&#8221;{}&#8221;]<a name=\"piquetas\"><\/a>[\/et_pb_code][\/et_pb_column][\/et_pb_row][et_pb_row column_structure=&#8221;3_5,2_5&#8243; make_equal=&#8221;on&#8221; module_class=&#8221;productos&#8221; _builder_version=&#8221;4.16&#8243; width=&#8221;100%&#8221; module_alignment=&#8221;center&#8221; min_height=&#8221;90px&#8221; custom_margin=&#8221;20px|0px|0px|0px|false|false&#8221; custom_margin_tablet=&#8221;|0px|||false|false&#8221; custom_margin_phone=&#8221;&#8221; custom_margin_last_edited=&#8221;on|tablet&#8221; custom_padding=&#8221;|0px|9px|0px|false|false&#8221; border_width_top=&#8221;1px&#8221; global_colors_info=&#8221;{}&#8221;][et_pb_column type=&#8221;3_5&#8243; _builder_version=&#8221;4.16&#8243; global_colors_info=&#8221;{}&#8221;][et_pb_image src=&#8221;https:\/\/waldes.es\/wp-content\/uploads\/2019\/10\/Piquetas-1.jpg&#8221; show_in_lightbox=&#8221;on&#8221; _builder_version=&#8221;4.16&#8243; custom_padding=&#8221;0px||0px|||&#8221; global_colors_info=&#8221;{}&#8221;][\/et_pb_image][\/et_pb_column][et_pb_column type=&#8221;2_5&#8243; module_class=&#8221;ds-vertical-align&#8221; _builder_version=&#8221;4.16&#8243; global_colors_info=&#8221;{}&#8221;][et_pb_text _builder_version=&#8221;4.16&#8243; text_font=&#8221;Roboto Slab|700|||||||&#8221; text_font_size=&#8221;24px&#8221; custom_margin=&#8221;||19px|||&#8221; global_colors_info=&#8221;{}&#8221;]<\/p>\n<h2>&#8220;Piquetes&#8221;<\/h2>\n<p>[\/et_pb_text][et_pb_code admin_label=&#8221;Codi&#8221; _builder_version=&#8221;4.16&#8243; global_colors_info=&#8221;{}&#8221;]<a name=\"anillas\"><\/a>[\/et_pb_code][\/et_pb_column][\/et_pb_row][et_pb_row column_structure=&#8221;3_5,2_5&#8243; make_equal=&#8221;on&#8221; module_class=&#8221;productos&#8221; _builder_version=&#8221;4.16&#8243; width=&#8221;100%&#8221; module_alignment=&#8221;center&#8221; min_height=&#8221;90px&#8221; custom_margin=&#8221;11px|0px|0px|0px|false|false&#8221; custom_margin_tablet=&#8221;|0px|||false|false&#8221; custom_margin_phone=&#8221;&#8221; custom_margin_last_edited=&#8221;on|tablet&#8221; custom_padding=&#8221;|0px|8px|0px|false|false&#8221; border_width_top=&#8221;1px&#8221; global_colors_info=&#8221;{}&#8221;][et_pb_column type=&#8221;3_5&#8243; _builder_version=&#8221;4.16&#8243; global_colors_info=&#8221;{}&#8221;][et_pb_image src=&#8221;https:\/\/waldes.es\/wp-content\/uploads\/2019\/10\/Anillas-1.jpg&#8221; show_in_lightbox=&#8221;on&#8221; _builder_version=&#8221;4.16&#8243; custom_margin=&#8221;-6px|||||&#8221; custom_padding=&#8221;0px||0px|||&#8221; global_colors_info=&#8221;{}&#8221;][\/et_pb_image][\/et_pb_column][et_pb_column type=&#8221;2_5&#8243; module_class=&#8221;ds-vertical-align&#8221; _builder_version=&#8221;4.16&#8243; global_colors_info=&#8221;{}&#8221;][et_pb_text _builder_version=&#8221;4.16&#8243; text_font=&#8221;Roboto Slab|700|||||||&#8221; text_font_size=&#8221;24px&#8221; custom_margin=&#8221;||19px|||&#8221; global_colors_info=&#8221;{}&#8221;]<\/p>\n<h2>Anelles<\/h2>\n<p>[\/et_pb_text][et_pb_code admin_label=&#8221;Codi&#8221; _builder_version=&#8221;4.16&#8243; global_colors_info=&#8221;{}&#8221;]<a name=\"rectangulos\"><\/a>[\/et_pb_code][\/et_pb_column][\/et_pb_row][et_pb_row column_structure=&#8221;3_5,2_5&#8243; make_equal=&#8221;on&#8221; module_class=&#8221;productos&#8221; _builder_version=&#8221;4.16&#8243; width=&#8221;100%&#8221; module_alignment=&#8221;center&#8221; min_height=&#8221;79px&#8221; custom_margin=&#8221;20px|0px|-18px|0px|false|false&#8221; custom_margin_tablet=&#8221;|0px|||false|false&#8221; custom_margin_phone=&#8221;&#8221; custom_margin_last_edited=&#8221;on|tablet&#8221; custom_padding=&#8221;|0px|21px|0px|false|false&#8221; border_width_top=&#8221;1px&#8221; global_colors_info=&#8221;{}&#8221;][et_pb_column type=&#8221;3_5&#8243; _builder_version=&#8221;4.16&#8243; global_colors_info=&#8221;{}&#8221;][et_pb_image src=&#8221;https:\/\/waldes.es\/wp-content\/uploads\/2019\/11\/Rectangulos.jpg&#8221; show_in_lightbox=&#8221;on&#8221; _builder_version=&#8221;4.16&#8243; custom_margin=&#8221;-5px|||||&#8221; custom_padding=&#8221;0px||0px|||&#8221; global_colors_info=&#8221;{}&#8221;][\/et_pb_image][\/et_pb_column][et_pb_column type=&#8221;2_5&#8243; module_class=&#8221;ds-vertical-align&#8221; _builder_version=&#8221;4.16&#8243; global_colors_info=&#8221;{}&#8221;][et_pb_text _builder_version=&#8221;4.16&#8243; text_font=&#8221;Roboto Slab|700|||||||&#8221; text_font_size=&#8221;24px&#8221; custom_margin=&#8221;||19px|||&#8221; global_colors_info=&#8221;{}&#8221;]<\/p>\n<h2>Rectangles<\/h2>\n<p>[\/et_pb_text][et_pb_code admin_label=&#8221;Codi&#8221; _builder_version=&#8221;4.16&#8243; global_colors_info=&#8221;{}&#8221;]<a name=\"mosquetones\"><\/a>[\/et_pb_code][\/et_pb_column][\/et_pb_row][et_pb_row column_structure=&#8221;3_5,2_5&#8243; make_equal=&#8221;on&#8221; module_class=&#8221;productos&#8221; _builder_version=&#8221;4.16&#8243; width=&#8221;100%&#8221; module_alignment=&#8221;center&#8221; min_height=&#8221;90px&#8221; custom_margin=&#8221;20px|0px|0px|0px|false|false&#8221; custom_margin_tablet=&#8221;|0px|||false|false&#8221; custom_margin_phone=&#8221;&#8221; custom_margin_last_edited=&#8221;on|tablet&#8221; custom_padding=&#8221;4px|0px|6px|0px|false|false&#8221; border_width_top=&#8221;1px&#8221; global_colors_info=&#8221;{}&#8221;][et_pb_column type=&#8221;3_5&#8243; _builder_version=&#8221;4.16&#8243; global_colors_info=&#8221;{}&#8221;][et_pb_image src=&#8221;https:\/\/waldes.es\/wp-content\/uploads\/2019\/10\/Mosquetones-1.jpg&#8221; show_in_lightbox=&#8221;on&#8221; _builder_version=&#8221;4.16&#8243; custom_margin=&#8221;-4px||||false|false&#8221; custom_padding=&#8221;0px||0px|||&#8221; global_colors_info=&#8221;{}&#8221;][\/et_pb_image][\/et_pb_column][et_pb_column type=&#8221;2_5&#8243; module_class=&#8221;ds-vertical-align&#8221; _builder_version=&#8221;4.16&#8243; global_colors_info=&#8221;{}&#8221;][et_pb_text _builder_version=&#8221;4.16&#8243; text_font=&#8221;Roboto Slab|700|||||||&#8221; text_font_size=&#8221;24px&#8221; custom_margin=&#8221;||19px|||&#8221; global_colors_info=&#8221;{}&#8221;]<\/p>\n<h2>Mosquetons<\/h2>\n<p>[\/et_pb_text][et_pb_code admin_label=&#8221;Codi&#8221; _builder_version=&#8221;4.16&#8243; global_colors_info=&#8221;{}&#8221;]<a name=\"tensores\"><\/a>[\/et_pb_code][\/et_pb_column][\/et_pb_row][et_pb_row column_structure=&#8221;3_5,2_5&#8243; make_equal=&#8221;on&#8221; module_class=&#8221;productos&#8221; _builder_version=&#8221;4.16&#8243; width=&#8221;100%&#8221; module_alignment=&#8221;center&#8221; min_height=&#8221;90px&#8221; custom_margin=&#8221;20px|0px|0px|0px|false|false&#8221; custom_margin_tablet=&#8221;|0px|||false|false&#8221; custom_margin_phone=&#8221;&#8221; custom_margin_last_edited=&#8221;on|tablet&#8221; custom_padding=&#8221;|0px||0px|false|false&#8221; border_width_top=&#8221;1px&#8221; global_colors_info=&#8221;{}&#8221;][et_pb_column type=&#8221;3_5&#8243; _builder_version=&#8221;4.16&#8243; global_colors_info=&#8221;{}&#8221;][et_pb_image src=&#8221;https:\/\/waldes.es\/wp-content\/uploads\/2019\/10\/Tensores-y-tapanudos-1.jpg&#8221; show_in_lightbox=&#8221;on&#8221; _builder_version=&#8221;4.16&#8243; custom_padding=&#8221;0px||0px|||&#8221; global_colors_info=&#8221;{}&#8221;][\/et_pb_image][\/et_pb_column][et_pb_column type=&#8221;2_5&#8243; module_class=&#8221;ds-vertical-align&#8221; _builder_version=&#8221;4.16&#8243; global_colors_info=&#8221;{}&#8221;][et_pb_text _builder_version=&#8221;4.16&#8243; text_font=&#8221;Roboto Slab|700|||||||&#8221; text_font_size=&#8221;24px&#8221; custom_margin=&#8221;||19px|||&#8221; global_colors_info=&#8221;{}&#8221;]<\/p>\n<h2>Tensors i per tapar el nus<\/h2>\n<p>[\/et_pb_text][et_pb_code admin_label=&#8221;Codi&#8221; _builder_version=&#8221;4.16&#8243; global_colors_info=&#8221;{}&#8221;]<a name=\"plaquitas\"><\/a>[\/et_pb_code][\/et_pb_column][\/et_pb_row][et_pb_row column_structure=&#8221;3_5,2_5&#8243; make_equal=&#8221;on&#8221; module_class=&#8221;productos&#8221; _builder_version=&#8221;4.16&#8243; width=&#8221;100%&#8221; module_alignment=&#8221;center&#8221; min_height=&#8221;90px&#8221; custom_margin=&#8221;20px|0px|0px|0px|false|false&#8221; custom_margin_tablet=&#8221;|0px|||false|false&#8221; custom_margin_phone=&#8221;&#8221; custom_margin_last_edited=&#8221;on|tablet&#8221; custom_padding=&#8221;6px|0px|11px|0px|false|false&#8221; border_width_top=&#8221;1px&#8221; global_colors_info=&#8221;{}&#8221;][et_pb_column type=&#8221;3_5&#8243; _builder_version=&#8221;4.16&#8243; global_colors_info=&#8221;{}&#8221;][et_pb_image src=&#8221;https:\/\/waldes.es\/wp-content\/uploads\/2019\/11\/Plaquitas.jpg&#8221; show_in_lightbox=&#8221;on&#8221; _builder_version=&#8221;4.16&#8243; custom_padding=&#8221;0px||0px|||&#8221; global_colors_info=&#8221;{}&#8221;][\/et_pb_image][\/et_pb_column][et_pb_column type=&#8221;2_5&#8243; module_class=&#8221;ds-vertical-align&#8221; _builder_version=&#8221;4.16&#8243; global_colors_info=&#8221;{}&#8221;][et_pb_text _builder_version=&#8221;4.16&#8243; text_font=&#8221;Roboto Slab|700|||||||&#8221; text_font_size=&#8221;24px&#8221; custom_margin=&#8221;||19px|||&#8221; global_colors_info=&#8221;{}&#8221;]<\/p>\n<h2>Plaquetes a presi\u00f3 o per cosir<\/h2>\n<p>[\/et_pb_text][et_pb_code admin_label=&#8221;Codi&#8221; _builder_version=&#8221;4.16&#8243; global_colors_info=&#8221;{}&#8221;]<a name=\"adornos\"><\/a>[\/et_pb_code][\/et_pb_column][\/et_pb_row][et_pb_row column_structure=&#8221;3_5,2_5&#8243; make_equal=&#8221;on&#8221; module_class=&#8221;productos&#8221; _builder_version=&#8221;4.16&#8243; width=&#8221;100%&#8221; module_alignment=&#8221;center&#8221; min_height=&#8221;90px&#8221; custom_margin=&#8221;20px|0px|0px|0px|false|false&#8221; custom_margin_tablet=&#8221;|0px|||false|false&#8221; custom_margin_phone=&#8221;&#8221; custom_margin_last_edited=&#8221;on|tablet&#8221; custom_padding=&#8221;|0px||0px|false|false&#8221; border_width_top=&#8221;1px&#8221; global_colors_info=&#8221;{}&#8221;][et_pb_column type=&#8221;3_5&#8243; _builder_version=&#8221;4.16&#8243; global_colors_info=&#8221;{}&#8221;][et_pb_image src=&#8221;https:\/\/waldes.es\/wp-content\/uploads\/2019\/10\/Adornos-y-botones-de-coser-1.jpg&#8221; show_in_lightbox=&#8221;on&#8221; _builder_version=&#8221;4.16&#8243; custom_padding=&#8221;0px||0px|||&#8221; global_colors_info=&#8221;{}&#8221;][\/et_pb_image][\/et_pb_column][et_pb_column type=&#8221;2_5&#8243; module_class=&#8221;ds-vertical-align&#8221; _builder_version=&#8221;4.16&#8243; global_colors_info=&#8221;{}&#8221;][et_pb_text _builder_version=&#8221;4.16&#8243; text_font=&#8221;Roboto Slab|700|||||||&#8221; text_font_size=&#8221;24px&#8221; custom_margin=&#8221;||19px|||&#8221; global_colors_info=&#8221;{}&#8221;]<\/p>\n<h2>Ornaments i botons per a cosir<\/h2>\n<p>[\/et_pb_text][\/et_pb_column][\/et_pb_row][\/et_pb_section]<\/p>\n","protected":false},"excerpt":{"rendered":"<p>AccesorisLa nostra gamma d&#8217;accessoris per a la confecci\u00f3 i marroquineria: sivelles, mosquetons, tensors, per tapar el nus, ganxo pantalons i altres articles.Sivelles&#8221;Piquetes&#8221;AnellesRectanglesMosquetonsTensors i per tapar el nusPlaquetes a presi\u00f3 o per cosirOrnaments i botons per a cosir<\/p>\n","protected":false},"author":1,"featured_media":0,"parent":0,"menu_order":0,"comment_status":"closed","ping_status":"closed","template":"","meta":{"_et_pb_use_builder":"on","_et_pb_old_content":"","_et_gb_content_width":"","footnotes":""},"class_list":["post-4846","page","type-page","status-publish","hentry"],"yoast_head":"<!-- This site is optimized with the Yoast SEO plugin v27.4 - https:\/\/yoast.com\/product\/yoast-seo-wordpress\/ -->\n<title>Accessoris met\u00e0l\u00b7lics per a confecci\u00f3 i marroquineria - Ind\u00fastries Waldes<\/title>\n<meta name=\"description\" content=\"\u00c0mplia gamma d&#039;accessoris per a la confecci\u00f3 i marroquineria: sivelles, mosquetons, tensors, per tapar el nus, ganxo pantalons i altres articles.\" \/>\n<meta name=\"robots\" content=\"index, follow, max-snippet:-1, max-image-preview:large, max-video-preview:-1\" \/>\n<link rel=\"canonical\" href=\"https:\/\/waldes.es\/ca\/accesoris\/\" \/>\n<meta property=\"og:locale\" content=\"ca_ES\" \/>\n<meta property=\"og:type\" content=\"article\" \/>\n<meta property=\"og:title\" content=\"Accessoris met\u00e0l\u00b7lics per a confecci\u00f3 i marroquineria - Ind\u00fastries Waldes\" \/>\n<meta property=\"og:description\" content=\"\u00c0mplia gamma d&#039;accessoris per a la confecci\u00f3 i marroquineria: sivelles, mosquetons, tensors, per tapar el nus, ganxo pantalons i altres articles.\" \/>\n<meta property=\"og:url\" content=\"https:\/\/waldes.es\/ca\/accesoris\/\" \/>\n<meta property=\"og:site_name\" content=\"Waldes\" \/>\n<meta property=\"article:modified_time\" content=\"2022-11-30T14:17:00+00:00\" \/>\n<meta name=\"twitter:card\" content=\"summary_large_image\" \/>\n<meta name=\"twitter:label1\" content=\"Temps estimat de lectura\" \/>\n\t<meta name=\"twitter:data1\" content=\"9 minuts\" \/>\n<script type=\"application\/ld+json\" class=\"yoast-schema-graph\">{\"@context\":\"https:\\\/\\\/schema.org\",\"@graph\":[{\"@type\":\"WebPage\",\"@id\":\"https:\\\/\\\/waldes.es\\\/ca\\\/accesoris\\\/\",\"url\":\"https:\\\/\\\/waldes.es\\\/ca\\\/accesoris\\\/\",\"name\":\"Accessoris met\u00e0l\u00b7lics per a confecci\u00f3 i marroquineria - Ind\u00fastries Waldes\",\"isPartOf\":{\"@id\":\"https:\\\/\\\/waldes.es\\\/ca\\\/#website\"},\"datePublished\":\"2022-11-22T11:52:50+00:00\",\"dateModified\":\"2022-11-30T14:17:00+00:00\",\"description\":\"\u00c0mplia gamma d'accessoris per a la confecci\u00f3 i marroquineria: sivelles, mosquetons, tensors, per tapar el nus, ganxo pantalons i altres articles.\",\"breadcrumb\":{\"@id\":\"https:\\\/\\\/waldes.es\\\/ca\\\/accesoris\\\/#breadcrumb\"},\"inLanguage\":\"ca\",\"potentialAction\":[{\"@type\":\"ReadAction\",\"target\":[\"https:\\\/\\\/waldes.es\\\/ca\\\/accesoris\\\/\"]}]},{\"@type\":\"BreadcrumbList\",\"@id\":\"https:\\\/\\\/waldes.es\\\/ca\\\/accesoris\\\/#breadcrumb\",\"itemListElement\":[{\"@type\":\"ListItem\",\"position\":1,\"name\":\"Portada\",\"item\":\"https:\\\/\\\/waldes.es\\\/ca\\\/\"},{\"@type\":\"ListItem\",\"position\":2,\"name\":\"Accesoris\"}]},{\"@type\":\"WebSite\",\"@id\":\"https:\\\/\\\/waldes.es\\\/ca\\\/#website\",\"url\":\"https:\\\/\\\/waldes.es\\\/ca\\\/\",\"name\":\"Waldes\",\"description\":\"Botones y broches\",\"potentialAction\":[{\"@type\":\"SearchAction\",\"target\":{\"@type\":\"EntryPoint\",\"urlTemplate\":\"https:\\\/\\\/waldes.es\\\/ca\\\/?s={search_term_string}\"},\"query-input\":{\"@type\":\"PropertyValueSpecification\",\"valueRequired\":true,\"valueName\":\"search_term_string\"}}],\"inLanguage\":\"ca\"}]}<\/script>\n<!-- \/ Yoast SEO plugin. -->","yoast_head_json":{"title":"Accessoris met\u00e0l\u00b7lics per a confecci\u00f3 i marroquineria - Ind\u00fastries Waldes","description":"\u00c0mplia gamma d'accessoris per a la confecci\u00f3 i marroquineria: sivelles, mosquetons, tensors, per tapar el nus, ganxo pantalons i altres articles.","robots":{"index":"index","follow":"follow","max-snippet":"max-snippet:-1","max-image-preview":"max-image-preview:large","max-video-preview":"max-video-preview:-1"},"canonical":"https:\/\/waldes.es\/ca\/accesoris\/","og_locale":"ca_ES","og_type":"article","og_title":"Accessoris met\u00e0l\u00b7lics per a confecci\u00f3 i marroquineria - Ind\u00fastries Waldes","og_description":"\u00c0mplia gamma d'accessoris per a la confecci\u00f3 i marroquineria: sivelles, mosquetons, tensors, per tapar el nus, ganxo pantalons i altres articles.","og_url":"https:\/\/waldes.es\/ca\/accesoris\/","og_site_name":"Waldes","article_modified_time":"2022-11-30T14:17:00+00:00","twitter_card":"summary_large_image","twitter_misc":{"Temps estimat de lectura":"9 minuts"},"schema":{"@context":"https:\/\/schema.org","@graph":[{"@type":"WebPage","@id":"https:\/\/waldes.es\/ca\/accesoris\/","url":"https:\/\/waldes.es\/ca\/accesoris\/","name":"Accessoris met\u00e0l\u00b7lics per a confecci\u00f3 i marroquineria - Ind\u00fastries Waldes","isPartOf":{"@id":"https:\/\/waldes.es\/ca\/#website"},"datePublished":"2022-11-22T11:52:50+00:00","dateModified":"2022-11-30T14:17:00+00:00","description":"\u00c0mplia gamma d'accessoris per a la confecci\u00f3 i marroquineria: sivelles, mosquetons, tensors, per tapar el nus, ganxo pantalons i altres articles.","breadcrumb":{"@id":"https:\/\/waldes.es\/ca\/accesoris\/#breadcrumb"},"inLanguage":"ca","potentialAction":[{"@type":"ReadAction","target":["https:\/\/waldes.es\/ca\/accesoris\/"]}]},{"@type":"BreadcrumbList","@id":"https:\/\/waldes.es\/ca\/accesoris\/#breadcrumb","itemListElement":[{"@type":"ListItem","position":1,"name":"Portada","item":"https:\/\/waldes.es\/ca\/"},{"@type":"ListItem","position":2,"name":"Accesoris"}]},{"@type":"WebSite","@id":"https:\/\/waldes.es\/ca\/#website","url":"https:\/\/waldes.es\/ca\/","name":"Waldes","description":"Botones y broches","potentialAction":[{"@type":"SearchAction","target":{"@type":"EntryPoint","urlTemplate":"https:\/\/waldes.es\/ca\/?s={search_term_string}"},"query-input":{"@type":"PropertyValueSpecification","valueRequired":true,"valueName":"search_term_string"}}],"inLanguage":"ca"}]}},"_links":{"self":[{"href":"https:\/\/waldes.es\/ca\/wp-json\/wp\/v2\/pages\/4846","targetHints":{"allow":["GET"]}}],"collection":[{"href":"https:\/\/waldes.es\/ca\/wp-json\/wp\/v2\/pages"}],"about":[{"href":"https:\/\/waldes.es\/ca\/wp-json\/wp\/v2\/types\/page"}],"author":[{"embeddable":true,"href":"https:\/\/waldes.es\/ca\/wp-json\/wp\/v2\/users\/1"}],"replies":[{"embeddable":true,"href":"https:\/\/waldes.es\/ca\/wp-json\/wp\/v2\/comments?post=4846"}],"version-history":[{"count":10,"href":"https:\/\/waldes.es\/ca\/wp-json\/wp\/v2\/pages\/4846\/revisions"}],"predecessor-version":[{"id":5238,"href":"https:\/\/waldes.es\/ca\/wp-json\/wp\/v2\/pages\/4846\/revisions\/5238"}],"wp:attachment":[{"href":"https:\/\/waldes.es\/ca\/wp-json\/wp\/v2\/media?parent=4846"}],"curies":[{"name":"wp","href":"https:\/\/api.w.org\/{rel}","templated":true}]}}