{"id":4863,"date":"2022-11-22T12:16:29","date_gmt":"2022-11-22T12:16:29","guid":{"rendered":"https:\/\/waldes.es\/contactans\/"},"modified":"2022-11-30T13:51:45","modified_gmt":"2022-11-30T13:51:45","slug":"contactans","status":"publish","type":"page","link":"https:\/\/waldes.es\/ca\/contactans\/","title":{"rendered":"Contacta&#8217;ns"},"content":{"rendered":"<p>[et_pb_section fb_built=&#8221;1&#8243; _builder_version=&#8221;4.18.0&#8243; background_color=&#8221;#2d96b7&#8243; min_height=&#8221;70px&#8221; custom_margin=&#8221;30px||||false|false&#8221; custom_padding=&#8221;40px||30px||false|false&#8221; top_divider_height=&#8221;20px&#8221; global_colors_info=&#8221;{}&#8221;][et_pb_row _builder_version=&#8221;4.16&#8243; custom_margin=&#8221;-20px||-20px||false|false&#8221; custom_padding=&#8221;1px||0px||false|false&#8221; global_colors_info=&#8221;{}&#8221;][et_pb_column type=&#8221;4_4&#8243; _builder_version=&#8221;4.16&#8243; custom_padding=&#8221;|||&#8221; global_colors_info=&#8221;{}&#8221; custom_padding__hover=&#8221;|||&#8221;][et_pb_text _builder_version=&#8221;4.18.0&#8243; text_font=&#8221;||||||||&#8221; text_text_color=&#8221;#FFFFFF&#8221; text_font_size=&#8221;35px&#8221; text_line_height=&#8221;1em&#8221; header_font=&#8221;||||||||&#8221; text_orientation=&#8221;center&#8221; custom_margin=&#8221;-5px||||false|false&#8221; custom_padding=&#8221;||||false|false&#8221; text_text_align=&#8221;center&#8221; global_colors_info=&#8221;{}&#8221;]<\/p>\n<p>CONTACTE<\/p>\n<p>[\/et_pb_text][\/et_pb_column][\/et_pb_row][\/et_pb_section][et_pb_section fb_built=&#8221;1&#8243; _builder_version=&#8221;4.16&#8243; width=&#8221;100%&#8221; min_height=&#8221;415px&#8221; custom_margin=&#8221;||5px|||&#8221; custom_margin_tablet=&#8221;&#8221; custom_margin_phone=&#8221;||||false|false&#8221; custom_margin_last_edited=&#8221;on|phone&#8221; custom_padding=&#8221;||0px|||&#8221; global_colors_info=&#8221;{}&#8221;][et_pb_row column_structure=&#8221;3_5,2_5&#8243; _builder_version=&#8221;4.16&#8243; width=&#8221;100%&#8221; module_alignment=&#8221;center&#8221; height=&#8221;198px&#8221; custom_margin=&#8221;0px|0px|0px|0px|false|false&#8221; custom_padding=&#8221;28px||0px|||&#8221; global_colors_info=&#8221;{}&#8221;][et_pb_column type=&#8221;3_5&#8243; module_class=&#8221;menu-productos&#8221; _builder_version=&#8221;4.16&#8243; custom_padding=&#8221;|||&#8221; global_colors_info=&#8221;{}&#8221; custom_padding__hover=&#8221;|||&#8221;][et_pb_code _builder_version=&#8221;4.16&#8243; global_colors_info=&#8221;{}&#8221;]<iframe loading=\"lazy\" src=\"https:\/\/www.google.com\/maps\/embed?pb=!1m18!1m12!1m3!1d2992.989772262421!2d2.1954490160368505!3d41.3960284792636!2m3!1f0!2f0!3f0!3m2!1i1024!2i768!4f13.1!3m3!1m2!1s0x12a4a316c6f93f95%3A0x77dcb490e947a1e0!2sIndustrias%20Waldes!5e0!3m2!1ses!2ses!4v1571084849876!5m2!1ses!2ses\" width=\"100%\" height=\"300\" frameborder=\"0\" style=\"border:0;\" allowfullscreen=\"\"><\/iframe>[\/et_pb_code][\/et_pb_column][et_pb_column type=&#8221;2_5&#8243; _builder_version=&#8221;4.16&#8243; custom_padding=&#8221;|||&#8221; global_colors_info=&#8221;{}&#8221; custom_padding__hover=&#8221;|||&#8221;][et_pb_text _builder_version=&#8221;4.19.1&#8243; text_font=&#8221;Roboto|300|||||||&#8221; text_font_size=&#8221;20px&#8221; custom_margin_tablet=&#8221;&#8221; custom_margin_phone=&#8221;&#8221; custom_margin_last_edited=&#8221;on|phone&#8221; custom_padding=&#8221;|46px||46px|false|true&#8221; hover_enabled=&#8221;0&#8243; text_font_size_tablet=&#8221;18px&#8221; text_font_size_phone=&#8221;15px&#8221; text_font_size_last_edited=&#8221;on|phone&#8221; global_colors_info=&#8221;{}&#8221; sticky_enabled=&#8221;0&#8243;]<\/p>\n<p><strong class=\"c2\">Oficina i f\u00e0brica<\/strong><br \/><span class=\"c3\">Ram\u00f3n Turr\u00f3 111-129<br \/>08005 Barcelona<br \/><span style=\"color: #000000;\">Espanya<\/span><\/span><\/p>\n<p><span style=\"color: #000000;\"><strong class=\"c1\">Tel\u00e8fon:<\/strong><\/span><br \/><span style=\"color: #000000;\"> <a href=\"tel:+34933093050\" style=\"color: #000000;\">+34 933 093 050<\/a><\/span><br \/><span style=\"color: #000000;\"> <strong class=\"c1\">Email:<\/strong><\/span><br \/><span style=\"color: #000000;\"> <a href=\"mailto:comercial@waldes.es\" style=\"color: #000000;\">comercial@waldes.es<\/a><\/span><\/p>\n<p>[\/et_pb_text][\/et_pb_column][\/et_pb_row][\/et_pb_section][et_pb_section fb_built=&#8221;1&#8243; _builder_version=&#8221;4.16&#8243; custom_padding=&#8221;3px||7px|||&#8221; global_colors_info=&#8221;{}&#8221;][et_pb_row _builder_version=&#8221;4.16&#8243; custom_margin=&#8221;|auto|-2px|auto||&#8221; custom_padding=&#8221;||27px|||&#8221; global_colors_info=&#8221;{}&#8221;][et_pb_column type=&#8221;4_4&#8243; _builder_version=&#8221;4.16&#8243; global_colors_info=&#8221;{}&#8221;][et_pb_text _builder_version=&#8221;4.16&#8243; text_font=&#8221;|300|||||||&#8221; text_font_size=&#8221;18px&#8221; custom_margin=&#8221;1px||||false|false&#8221; custom_margin_tablet=&#8221;&#8221; custom_margin_phone=&#8221;50px||||false|false&#8221; custom_margin_last_edited=&#8221;on|phone&#8221; global_colors_info=&#8221;{}&#8221;]Per a qualsevol consulta ens pot enviar aquest formulari[\/et_pb_text][\/et_pb_column][\/et_pb_row][\/et_pb_section][et_pb_section fb_built=&#8221;1&#8243; _builder_version=&#8221;4.16&#8243; custom_margin=&#8221;-4px|||||&#8221; custom_padding=&#8221;0px||2px|||&#8221; global_colors_info=&#8221;{}&#8221;][et_pb_row _builder_version=&#8221;4.16&#8243; global_colors_info=&#8221;{}&#8221;][et_pb_column type=&#8221;4_4&#8243; _builder_version=&#8221;4.16&#8243; global_colors_info=&#8221;{}&#8221;][et_pb_contact_form use_spam_service=&#8221;on&#8221; recaptcha_list=&#8221;add_new_account&#8221; recaptcha_account_name=&#8221;Waldes&#8221; recaptcha_site_key=&#8221;6LcDx_gcAAAAAMQa9wgIKaTT9iYvB6pcqheM_fph&#8221; recaptcha_secret_key=&#8221;6LcDx_gcAAAAAE6EJcH3S0Uyq9MHg_zn77d2oQpB&#8221; email=&#8221;comercial@waldes.es&#8221; custom_message=&#8221;Nombre = %%name%%||et_pb_line_break_holder||Apellidos = %%surname%%||et_pb_line_break_holder||Telfono = %%phone%%||et_pb_line_break_holder||Correo electronico = %%email%%||et_pb_line_break_holder||Mensaje: = %%message%%||et_pb_line_break_holder||Consentimiento: = %%consentimiento%%||et_pb_line_break_holder||&#8221; success_message=&#8221;El missatge s&#8217;ha enviat correctament. Moltes gr\u00e0cies per contactar amb nosaltres. El respondrem a la major brevestat&#8221; _builder_version=&#8221;4.16&#8243; _unique_id=&#8221;03a4a83b-2656-40e7-8ab8-ade548367027&#8243; form_field_background_color=&#8221;#ffffff&#8221; form_field_text_color=&#8221;#000000&#8243; form_field_text_align=&#8221;left&#8221; custom_button=&#8221;on&#8221; button_use_icon=&#8221;off&#8221; border_radii=&#8221;on|1px|1px|1px|1px&#8221; border_width_all=&#8221;1px&#8221; border_color_all=&#8221;#007eac&#8221; global_colors_info=&#8221;{}&#8221;][et_pb_contact_field field_id=&#8221;Name&#8221; field_title=&#8221;Nom (*)&#8221; _builder_version=&#8221;4.16&#8243; global_colors_info=&#8221;{}&#8221; button_text_size__hover_enabled=&#8221;off&#8221; button_one_text_size__hover_enabled=&#8221;off&#8221; button_two_text_size__hover_enabled=&#8221;off&#8221; button_text_color__hover_enabled=&#8221;off&#8221; button_one_text_color__hover_enabled=&#8221;off&#8221; button_two_text_color__hover_enabled=&#8221;off&#8221; button_border_width__hover_enabled=&#8221;off&#8221; button_one_border_width__hover_enabled=&#8221;off&#8221; button_two_border_width__hover_enabled=&#8221;off&#8221; button_border_color__hover_enabled=&#8221;off&#8221; button_one_border_color__hover_enabled=&#8221;off&#8221; button_two_border_color__hover_enabled=&#8221;off&#8221; button_border_radius__hover_enabled=&#8221;off&#8221; button_one_border_radius__hover_enabled=&#8221;off&#8221; button_two_border_radius__hover_enabled=&#8221;off&#8221; button_letter_spacing__hover_enabled=&#8221;off&#8221; button_one_letter_spacing__hover_enabled=&#8221;off&#8221; button_two_letter_spacing__hover_enabled=&#8221;off&#8221; button_bg_color__hover_enabled=&#8221;off&#8221; button_one_bg_color__hover_enabled=&#8221;off&#8221; button_two_bg_color__hover_enabled=&#8221;off&#8221;][\/et_pb_contact_field][et_pb_contact_field field_id=&#8221;surname&#8221; field_title=&#8221;Cognoms (*)&#8221; _builder_version=&#8221;4.16&#8243; global_colors_info=&#8221;{}&#8221; button_text_size__hover_enabled=&#8221;off&#8221; button_one_text_size__hover_enabled=&#8221;off&#8221; button_two_text_size__hover_enabled=&#8221;off&#8221; button_text_color__hover_enabled=&#8221;off&#8221; button_one_text_color__hover_enabled=&#8221;off&#8221; button_two_text_color__hover_enabled=&#8221;off&#8221; button_border_width__hover_enabled=&#8221;off&#8221; button_one_border_width__hover_enabled=&#8221;off&#8221; button_two_border_width__hover_enabled=&#8221;off&#8221; button_border_color__hover_enabled=&#8221;off&#8221; button_one_border_color__hover_enabled=&#8221;off&#8221; button_two_border_color__hover_enabled=&#8221;off&#8221; button_border_radius__hover_enabled=&#8221;off&#8221; button_one_border_radius__hover_enabled=&#8221;off&#8221; button_two_border_radius__hover_enabled=&#8221;off&#8221; button_letter_spacing__hover_enabled=&#8221;off&#8221; button_one_letter_spacing__hover_enabled=&#8221;off&#8221; button_two_letter_spacing__hover_enabled=&#8221;off&#8221; button_bg_color__hover_enabled=&#8221;off&#8221; button_one_bg_color__hover_enabled=&#8221;off&#8221; button_two_bg_color__hover_enabled=&#8221;off&#8221;][\/et_pb_contact_field][et_pb_contact_field field_id=&#8221;Email&#8221; field_title=&#8221;Correu electr\u00f2nic (*)&#8221; field_type=&#8221;email&#8221; _builder_version=&#8221;4.16&#8243; global_colors_info=&#8221;{}&#8221; button_text_size__hover_enabled=&#8221;off&#8221; button_one_text_size__hover_enabled=&#8221;off&#8221; button_two_text_size__hover_enabled=&#8221;off&#8221; button_text_color__hover_enabled=&#8221;off&#8221; button_one_text_color__hover_enabled=&#8221;off&#8221; button_two_text_color__hover_enabled=&#8221;off&#8221; button_border_width__hover_enabled=&#8221;off&#8221; button_one_border_width__hover_enabled=&#8221;off&#8221; button_two_border_width__hover_enabled=&#8221;off&#8221; button_border_color__hover_enabled=&#8221;off&#8221; button_one_border_color__hover_enabled=&#8221;off&#8221; button_two_border_color__hover_enabled=&#8221;off&#8221; button_border_radius__hover_enabled=&#8221;off&#8221; button_one_border_radius__hover_enabled=&#8221;off&#8221; button_two_border_radius__hover_enabled=&#8221;off&#8221; button_letter_spacing__hover_enabled=&#8221;off&#8221; button_one_letter_spacing__hover_enabled=&#8221;off&#8221; button_two_letter_spacing__hover_enabled=&#8221;off&#8221; button_bg_color__hover_enabled=&#8221;off&#8221; button_one_bg_color__hover_enabled=&#8221;off&#8221; button_two_bg_color__hover_enabled=&#8221;off&#8221;][\/et_pb_contact_field][et_pb_contact_field field_id=&#8221;phone&#8221; field_title=&#8221;Tel\u00e8fon&#8221; min_length=&#8221;9&#8243; max_length=&#8221;12&#8243; allowed_symbols=&#8221;numbers&#8221; required_mark=&#8221;off&#8221; _builder_version=&#8221;4.16&#8243; global_colors_info=&#8221;{}&#8221; button_text_size__hover_enabled=&#8221;off&#8221; button_one_text_size__hover_enabled=&#8221;off&#8221; button_two_text_size__hover_enabled=&#8221;off&#8221; button_text_color__hover_enabled=&#8221;off&#8221; button_one_text_color__hover_enabled=&#8221;off&#8221; button_two_text_color__hover_enabled=&#8221;off&#8221; button_border_width__hover_enabled=&#8221;off&#8221; button_one_border_width__hover_enabled=&#8221;off&#8221; button_two_border_width__hover_enabled=&#8221;off&#8221; button_border_color__hover_enabled=&#8221;off&#8221; button_one_border_color__hover_enabled=&#8221;off&#8221; button_two_border_color__hover_enabled=&#8221;off&#8221; button_border_radius__hover_enabled=&#8221;off&#8221; button_one_border_radius__hover_enabled=&#8221;off&#8221; button_two_border_radius__hover_enabled=&#8221;off&#8221; button_letter_spacing__hover_enabled=&#8221;off&#8221; button_one_letter_spacing__hover_enabled=&#8221;off&#8221; button_two_letter_spacing__hover_enabled=&#8221;off&#8221; button_bg_color__hover_enabled=&#8221;off&#8221; button_one_bg_color__hover_enabled=&#8221;off&#8221; button_two_bg_color__hover_enabled=&#8221;off&#8221;][\/et_pb_contact_field][et_pb_contact_field field_id=&#8221;Message&#8221; field_title=&#8221;Consulta&#8221; field_type=&#8221;text&#8221; fullwidth_field=&#8221;on&#8221; _builder_version=&#8221;4.16&#8243; global_colors_info=&#8221;{}&#8221; button_text_size__hover_enabled=&#8221;off&#8221; button_one_text_size__hover_enabled=&#8221;off&#8221; button_two_text_size__hover_enabled=&#8221;off&#8221; button_text_color__hover_enabled=&#8221;off&#8221; button_one_text_color__hover_enabled=&#8221;off&#8221; button_two_text_color__hover_enabled=&#8221;off&#8221; button_border_width__hover_enabled=&#8221;off&#8221; button_one_border_width__hover_enabled=&#8221;off&#8221; button_two_border_width__hover_enabled=&#8221;off&#8221; button_border_color__hover_enabled=&#8221;off&#8221; button_one_border_color__hover_enabled=&#8221;off&#8221; button_two_border_color__hover_enabled=&#8221;off&#8221; button_border_radius__hover_enabled=&#8221;off&#8221; button_one_border_radius__hover_enabled=&#8221;off&#8221; button_two_border_radius__hover_enabled=&#8221;off&#8221; button_letter_spacing__hover_enabled=&#8221;off&#8221; button_one_letter_spacing__hover_enabled=&#8221;off&#8221; button_two_letter_spacing__hover_enabled=&#8221;off&#8221; button_bg_color__hover_enabled=&#8221;off&#8221; button_one_bg_color__hover_enabled=&#8221;off&#8221; button_two_bg_color__hover_enabled=&#8221;off&#8221;][\/et_pb_contact_field][et_pb_contact_field field_id=&#8221;consentimiento&#8221; field_title=&#8221; &#8221; field_type=&#8221;checkbox&#8221; checkbox_options=&#8221;%91{%22value%22:%22He llegit i accepto la pol\u00edtica de privacitat%22,%22checked%22:0,%22dragID%22:-1,%22link_url%22:%22https:\/\/waldes.es\/politica-de-privacidad\/%22,%22link_text%22:%22%22},{%22value%22:%22Dono el consentiment a Ind\u00fastries Waldes per a l\u2019enviament de informaci\u00f3 sobre novetats i\/o promocions.%22,%22checked%22:0,%22dragID%22:0,%22link_url%22:%22https:\/\/waldes.es\/politica-de-privacidad\/%22,%22link_text%22:%22%22}%93&#8243; fullwidth_field=&#8221;on&#8221; _builder_version=&#8221;4.16&#8243; global_colors_info=&#8221;{}&#8221;][\/et_pb_contact_field][\/et_pb_contact_form][et_pb_text _builder_version=&#8221;4.16&#8243; global_colors_info=&#8221;{}&#8221;]<\/p>\n<p><span>Amb l&#8217;acceptaci\u00f3 de l&#8217;av\u00eds legal, l&#8217;interessat accepta i consent, expl\u00edcitament, per part de IND\u00daSTRIES WALDES SCCL, la cessi\u00f3 de les vostres dades perqu\u00e8 les inclogui en un fitxer que est\u00e0 degudament inscrit a l&#8217;Agencia Espa\u00f1ola de Protecci\u00f3n de datos, per al vostre tractament, amb la finalitat d&#8217;estudiar-ne les peticions. Podeu exercir els vostres drets enviant un correu a waldes@waldes.es. Podeu llegir la informaci\u00f3 completa i detallada en <\/span><a href=\"https:\/\/waldes.es\/ca\/aviso-legal\/\" target=\"_blank\" rel=\"noopener noreferrer\">l&#8217;av\u00eds legal<\/a> i en la <a href=\"https:\/\/waldes.es\/politica-de-privacidad\/\" target=\"_blank\" rel=\"noopener noreferrer\">pol\u00edtica de privacitat<\/a>.<\/p>\n<p>[\/et_pb_text][\/et_pb_column][\/et_pb_row][et_pb_row _builder_version=&#8221;4.16&#8243; custom_margin=&#8221;|auto|-2px|auto||&#8221; custom_padding=&#8221;||27px|||&#8221; global_colors_info=&#8221;{}&#8221;][et_pb_column type=&#8221;4_4&#8243; _builder_version=&#8221;4.16&#8243; global_colors_info=&#8221;{}&#8221;][et_pb_text _builder_version=&#8221;4.16&#8243; text_font=&#8221;|300|||||||&#8221; text_font_size=&#8221;13px&#8221; global_colors_info=&#8221;{}&#8221;](*) Camps obligatoris[\/et_pb_text][\/et_pb_column][\/et_pb_row][\/et_pb_section]<\/p>\n","protected":false},"excerpt":{"rendered":"<p>CONTACTEOficina i f\u00e0bricaRam\u00f3n Turr\u00f3 111-12908005 BarcelonaEspanya Tel\u00e8fon: +34 933 093 050 Email: comercial@waldes.esPer a qualsevol consulta ens pot enviar aquest formulariAmb l&#8217;acceptaci\u00f3 de l&#8217;av\u00eds legal, l&#8217;interessat accepta i consent, expl\u00edcitament, per part de IND\u00daSTRIES WALDES SCCL, la cessi\u00f3 de les vostres dades perqu\u00e8 les inclogui en un fitxer que est\u00e0 degudament inscrit a l&#8217;Agencia Espa\u00f1ola [&hellip;]<\/p>\n","protected":false},"author":1,"featured_media":0,"parent":0,"menu_order":0,"comment_status":"closed","ping_status":"closed","template":"","meta":{"_et_pb_use_builder":"on","_et_pb_old_content":"","_et_gb_content_width":"","footnotes":""},"class_list":["post-4863","page","type-page","status-publish","hentry"],"yoast_head":"<!-- This site is optimized with the Yoast SEO plugin v27.4 - https:\/\/yoast.com\/product\/yoast-seo-wordpress\/ -->\n<title>Contacta&#039;ns - Waldes<\/title>\n<meta name=\"robots\" content=\"index, follow, max-snippet:-1, max-image-preview:large, max-video-preview:-1\" \/>\n<link rel=\"canonical\" href=\"https:\/\/waldes.es\/ca\/contactans\/\" \/>\n<meta property=\"og:locale\" content=\"ca_ES\" \/>\n<meta property=\"og:type\" content=\"article\" \/>\n<meta property=\"og:title\" content=\"Contacta&#039;ns - Waldes\" \/>\n<meta property=\"og:description\" content=\"CONTACTEOficina i f\u00e0bricaRam\u00f3n Turr\u00f3 111-12908005 BarcelonaEspanya Tel\u00e8fon: +34 933 093 050 Email: comercial@waldes.esPer a qualsevol consulta ens pot enviar aquest formulariAmb l&#039;acceptaci\u00f3 de l&#039;av\u00eds legal, l&#039;interessat accepta i consent, expl\u00edcitament, per part de IND\u00daSTRIES WALDES SCCL, la cessi\u00f3 de les vostres dades perqu\u00e8 les inclogui en un fitxer que est\u00e0 degudament inscrit a l&#039;Agencia Espa\u00f1ola [&hellip;]\" \/>\n<meta property=\"og:url\" content=\"https:\/\/waldes.es\/ca\/contactans\/\" \/>\n<meta property=\"og:site_name\" content=\"Waldes\" \/>\n<meta property=\"article:modified_time\" content=\"2022-11-30T13:51:45+00:00\" \/>\n<meta name=\"twitter:card\" content=\"summary_large_image\" \/>\n<meta name=\"twitter:label1\" content=\"Temps estimat de lectura\" \/>\n\t<meta name=\"twitter:data1\" content=\"8 minuts\" \/>\n<script type=\"application\/ld+json\" class=\"yoast-schema-graph\">{\"@context\":\"https:\\\/\\\/schema.org\",\"@graph\":[{\"@type\":\"WebPage\",\"@id\":\"https:\\\/\\\/waldes.es\\\/ca\\\/contactans\\\/\",\"url\":\"https:\\\/\\\/waldes.es\\\/ca\\\/contactans\\\/\",\"name\":\"Contacta'ns - Waldes\",\"isPartOf\":{\"@id\":\"https:\\\/\\\/waldes.es\\\/ca\\\/#website\"},\"datePublished\":\"2022-11-22T12:16:29+00:00\",\"dateModified\":\"2022-11-30T13:51:45+00:00\",\"breadcrumb\":{\"@id\":\"https:\\\/\\\/waldes.es\\\/ca\\\/contactans\\\/#breadcrumb\"},\"inLanguage\":\"ca\",\"potentialAction\":[{\"@type\":\"ReadAction\",\"target\":[\"https:\\\/\\\/waldes.es\\\/ca\\\/contactans\\\/\"]}]},{\"@type\":\"BreadcrumbList\",\"@id\":\"https:\\\/\\\/waldes.es\\\/ca\\\/contactans\\\/#breadcrumb\",\"itemListElement\":[{\"@type\":\"ListItem\",\"position\":1,\"name\":\"Portada\",\"item\":\"https:\\\/\\\/waldes.es\\\/ca\\\/\"},{\"@type\":\"ListItem\",\"position\":2,\"name\":\"Contacta&#8217;ns\"}]},{\"@type\":\"WebSite\",\"@id\":\"https:\\\/\\\/waldes.es\\\/ca\\\/#website\",\"url\":\"https:\\\/\\\/waldes.es\\\/ca\\\/\",\"name\":\"Waldes\",\"description\":\"Botones y broches\",\"potentialAction\":[{\"@type\":\"SearchAction\",\"target\":{\"@type\":\"EntryPoint\",\"urlTemplate\":\"https:\\\/\\\/waldes.es\\\/ca\\\/?s={search_term_string}\"},\"query-input\":{\"@type\":\"PropertyValueSpecification\",\"valueRequired\":true,\"valueName\":\"search_term_string\"}}],\"inLanguage\":\"ca\"}]}<\/script>\n<!-- \/ Yoast SEO plugin. -->","yoast_head_json":{"title":"Contacta'ns - Waldes","robots":{"index":"index","follow":"follow","max-snippet":"max-snippet:-1","max-image-preview":"max-image-preview:large","max-video-preview":"max-video-preview:-1"},"canonical":"https:\/\/waldes.es\/ca\/contactans\/","og_locale":"ca_ES","og_type":"article","og_title":"Contacta'ns - Waldes","og_description":"CONTACTEOficina i f\u00e0bricaRam\u00f3n Turr\u00f3 111-12908005 BarcelonaEspanya Tel\u00e8fon: +34 933 093 050 Email: comercial@waldes.esPer a qualsevol consulta ens pot enviar aquest formulariAmb l'acceptaci\u00f3 de l'av\u00eds legal, l'interessat accepta i consent, expl\u00edcitament, per part de IND\u00daSTRIES WALDES SCCL, la cessi\u00f3 de les vostres dades perqu\u00e8 les inclogui en un fitxer que est\u00e0 degudament inscrit a l'Agencia Espa\u00f1ola [&hellip;]","og_url":"https:\/\/waldes.es\/ca\/contactans\/","og_site_name":"Waldes","article_modified_time":"2022-11-30T13:51:45+00:00","twitter_card":"summary_large_image","twitter_misc":{"Temps estimat de lectura":"8 minuts"},"schema":{"@context":"https:\/\/schema.org","@graph":[{"@type":"WebPage","@id":"https:\/\/waldes.es\/ca\/contactans\/","url":"https:\/\/waldes.es\/ca\/contactans\/","name":"Contacta'ns - Waldes","isPartOf":{"@id":"https:\/\/waldes.es\/ca\/#website"},"datePublished":"2022-11-22T12:16:29+00:00","dateModified":"2022-11-30T13:51:45+00:00","breadcrumb":{"@id":"https:\/\/waldes.es\/ca\/contactans\/#breadcrumb"},"inLanguage":"ca","potentialAction":[{"@type":"ReadAction","target":["https:\/\/waldes.es\/ca\/contactans\/"]}]},{"@type":"BreadcrumbList","@id":"https:\/\/waldes.es\/ca\/contactans\/#breadcrumb","itemListElement":[{"@type":"ListItem","position":1,"name":"Portada","item":"https:\/\/waldes.es\/ca\/"},{"@type":"ListItem","position":2,"name":"Contacta&#8217;ns"}]},{"@type":"WebSite","@id":"https:\/\/waldes.es\/ca\/#website","url":"https:\/\/waldes.es\/ca\/","name":"Waldes","description":"Botones y broches","potentialAction":[{"@type":"SearchAction","target":{"@type":"EntryPoint","urlTemplate":"https:\/\/waldes.es\/ca\/?s={search_term_string}"},"query-input":{"@type":"PropertyValueSpecification","valueRequired":true,"valueName":"search_term_string"}}],"inLanguage":"ca"}]}},"_links":{"self":[{"href":"https:\/\/waldes.es\/ca\/wp-json\/wp\/v2\/pages\/4863","targetHints":{"allow":["GET"]}}],"collection":[{"href":"https:\/\/waldes.es\/ca\/wp-json\/wp\/v2\/pages"}],"about":[{"href":"https:\/\/waldes.es\/ca\/wp-json\/wp\/v2\/types\/page"}],"author":[{"embeddable":true,"href":"https:\/\/waldes.es\/ca\/wp-json\/wp\/v2\/users\/1"}],"replies":[{"embeddable":true,"href":"https:\/\/waldes.es\/ca\/wp-json\/wp\/v2\/comments?post=4863"}],"version-history":[{"count":6,"href":"https:\/\/waldes.es\/ca\/wp-json\/wp\/v2\/pages\/4863\/revisions"}],"predecessor-version":[{"id":5215,"href":"https:\/\/waldes.es\/ca\/wp-json\/wp\/v2\/pages\/4863\/revisions\/5215"}],"wp:attachment":[{"href":"https:\/\/waldes.es\/ca\/wp-json\/wp\/v2\/media?parent=4863"}],"curies":[{"name":"wp","href":"https:\/\/api.w.org\/{rel}","templated":true}]}}