{"id":4874,"date":"2022-11-22T12:22:34","date_gmt":"2022-11-22T12:22:34","guid":{"rendered":"https:\/\/waldes.es\/last-collection-2\/"},"modified":"2022-11-23T11:08:17","modified_gmt":"2022-11-23T11:08:17","slug":"new-collection-cat","status":"publish","type":"page","link":"https:\/\/waldes.es\/ca\/new-collection-cat\/","title":{"rendered":"New Collection"},"content":{"rendered":"<p>[et_pb_section fb_built=&#8221;1&#8243; _builder_version=&#8221;4.18.0&#8243; background_color=&#8221;#e52145&#8243; min_height=&#8221;70px&#8221; custom_margin=&#8221;30px||||false|false&#8221; custom_padding=&#8221;40px||30px||false|false&#8221; top_divider_height=&#8221;20px&#8221; global_colors_info=&#8221;{}&#8221;][et_pb_row _builder_version=&#8221;4.16&#8243; custom_margin=&#8221;-20px||-20px||false|false&#8221; custom_padding=&#8221;1px||0px||false|false&#8221; global_colors_info=&#8221;{}&#8221;][et_pb_column type=&#8221;4_4&#8243; _builder_version=&#8221;4.16&#8243; custom_padding=&#8221;|||&#8221; global_colors_info=&#8221;{}&#8221; custom_padding__hover=&#8221;|||&#8221;][et_pb_text _builder_version=&#8221;4.19.1&#8243; text_font=&#8221;||||||||&#8221; text_text_color=&#8221;#FFFFFF&#8221; text_font_size=&#8221;35px&#8221; text_line_height=&#8221;1em&#8221; header_font=&#8221;||||||||&#8221; text_orientation=&#8221;center&#8221; custom_margin=&#8221;-5px||||false|false&#8221; custom_padding=&#8221;||||false|false&#8221; text_text_align=&#8221;center&#8221; global_colors_info=&#8221;{}&#8221;]<\/p>\n<p>NEW COLLECTION<\/p>\n<p>[\/et_pb_text][\/et_pb_column][\/et_pb_row][\/et_pb_section][et_pb_section fb_built=&#8221;1&#8243; _builder_version=&#8221;4.18.0&#8243; custom_margin=&#8221;14px|||||&#8221; custom_padding=&#8221;29px|0px|0|0px|false|false&#8221; custom_css_main_element=&#8221;text-align: center;&#8221; global_colors_info=&#8221;{}&#8221;][et_pb_row column_structure=&#8221;1_3,1_3,1_3&#8243; _builder_version=&#8221;4.18.0&#8243; custom_padding=&#8221;0|0px|27px|2px|false|false&#8221; global_colors_info=&#8221;{}&#8221;][et_pb_column type=&#8221;1_3&#8243; module_class=&#8221;last-collection&#8221; _builder_version=&#8221;4.18.0&#8243; custom_padding=&#8221;|||&#8221; global_colors_info=&#8221;{}&#8221; custom_padding__hover=&#8221;|||&#8221;][et_pb_gallery gallery_ids=&#8221;4054,4031,4033,4048,4050,4039,4041,4043&#8243; fullwidth=&#8221;on&#8221; _builder_version=&#8221;4.19.1&#8243; _module_preset=&#8221;default&#8221; hover_enabled=&#8221;0&#8243; global_colors_info=&#8221;{}&#8221; sticky_enabled=&#8221;0&#8243;][\/et_pb_gallery][et_pb_comments _builder_version=&#8221;4.19.1&#8243; _module_preset=&#8221;default&#8221; hover_enabled=&#8221;0&#8243; sticky_enabled=&#8221;0&#8243; admin_label=&#8221;Acabats&#8221;][\/et_pb_comments][et_pb_gallery gallery_ids=&#8221;5008,5032,5029,5014,5047,5035,5026,5023,5011,5017,5038,5020,5041,5044&#8243; fullwidth=&#8221;on&#8221; _builder_version=&#8221;4.19.1&#8243; _module_preset=&#8221;default&#8221; hover_enabled=&#8221;0&#8243; global_colors_info=&#8221;{}&#8221; sticky_enabled=&#8221;0&#8243;][\/et_pb_gallery][et_pb_text _builder_version=&#8221;4.19.1&#8243; _module_preset=&#8221;default&#8221; global_colors_info=&#8221;{}&#8221;]<\/p>\n<p style=\"text-align: center;\">Bot\u00f3 tex\u00e0<\/p>\n<p>[\/et_pb_text][\/et_pb_column][et_pb_column type=&#8221;1_3&#8243; module_class=&#8221;last-collection&#8221; _builder_version=&#8221;4.18.0&#8243; custom_padding=&#8221;|||&#8221; global_colors_info=&#8221;{}&#8221; custom_padding__hover=&#8221;|||&#8221;][et_pb_gallery gallery_ids=&#8221;4058,4060,4062,4064,4066,4068&#8243; fullwidth=&#8221;on&#8221; _builder_version=&#8221;4.18.0&#8243; _module_preset=&#8221;default&#8221; global_colors_info=&#8221;{}&#8221;][\/et_pb_gallery][et_pb_text _builder_version=&#8221;4.19.1&#8243; _module_preset=&#8221;default&#8221; global_colors_info=&#8221;{}&#8221;]<\/p>\n<p style=\"text-align: center;\">Fermall a pressi\u00f3 est\u00e0ndard<\/p>\n<p>[\/et_pb_text][\/et_pb_column][et_pb_column type=&#8221;1_3&#8243; module_class=&#8221;last-collection&#8221; _builder_version=&#8221;4.18.0&#8243; custom_padding=&#8221;|||&#8221; global_colors_info=&#8221;{}&#8221; custom_padding__hover=&#8221;|||&#8221;][et_pb_gallery gallery_ids=&#8221;4070,4072,4074,4076,4078&#8243; fullwidth=&#8221;on&#8221; _builder_version=&#8221;4.18.0&#8243; _module_preset=&#8221;default&#8221; global_colors_info=&#8221;{}&#8221;][\/et_pb_gallery][et_pb_text _builder_version=&#8221;4.19.1&#8243; _module_preset=&#8221;default&#8221; global_colors_info=&#8221;{}&#8221;]<\/p>\n<p style=\"text-align: center;\">Fermall a pressi\u00f3 personalitzat<\/p>\n<p>[\/et_pb_text][\/et_pb_column][\/et_pb_row][\/et_pb_section]<\/p>\n","protected":false},"excerpt":{"rendered":"<p>NEW COLLECTIONBot\u00f3 tex\u00e0Fermall a pressi\u00f3 est\u00e0ndardFermall a pressi\u00f3 personalitzat<\/p>\n","protected":false},"author":1,"featured_media":0,"parent":0,"menu_order":0,"comment_status":"closed","ping_status":"closed","template":"","meta":{"_et_pb_use_builder":"on","_et_pb_old_content":"","_et_gb_content_width":"","footnotes":""},"class_list":["post-4874","page","type-page","status-publish","hentry"],"yoast_head":"<!-- This site is optimized with the Yoast SEO plugin v27.4 - https:\/\/yoast.com\/product\/yoast-seo-wordpress\/ -->\n<title>New Collection - Waldes. F\u00e0brica de fermalls i fornitures met\u00e0l\u00b7liques<\/title>\n<meta name=\"description\" content=\"\u00daltims models de botons, fermalls i fornitures met\u00e0l\u00b7liques per a la ind\u00fastria textil, moda i marroquineria. Consulta el nostre cat\u00e0leg!\" \/>\n<meta name=\"robots\" content=\"index, follow, max-snippet:-1, max-image-preview:large, max-video-preview:-1\" \/>\n<link rel=\"canonical\" href=\"https:\/\/waldes.es\/ca\/new-collection-cat\/\" \/>\n<meta property=\"og:locale\" content=\"ca_ES\" \/>\n<meta property=\"og:type\" content=\"article\" \/>\n<meta property=\"og:title\" content=\"New Collection - Waldes. F\u00e0brica de fermalls i fornitures met\u00e0l\u00b7liques\" \/>\n<meta property=\"og:description\" content=\"\u00daltims models de botons, fermalls i fornitures met\u00e0l\u00b7liques per a la ind\u00fastria textil, moda i marroquineria. Consulta el nostre cat\u00e0leg!\" \/>\n<meta property=\"og:url\" content=\"https:\/\/waldes.es\/ca\/new-collection-cat\/\" \/>\n<meta property=\"og:site_name\" content=\"Waldes\" \/>\n<meta property=\"article:modified_time\" content=\"2022-11-23T11:08:17+00:00\" \/>\n<meta name=\"twitter:card\" content=\"summary_large_image\" \/>\n<meta name=\"twitter:label1\" content=\"Temps estimat de lectura\" \/>\n\t<meta name=\"twitter:data1\" content=\"1 minut\" \/>\n<script type=\"application\/ld+json\" class=\"yoast-schema-graph\">{\"@context\":\"https:\\\/\\\/schema.org\",\"@graph\":[{\"@type\":\"WebPage\",\"@id\":\"https:\\\/\\\/waldes.es\\\/ca\\\/new-collection-cat\\\/\",\"url\":\"https:\\\/\\\/waldes.es\\\/ca\\\/new-collection-cat\\\/\",\"name\":\"New Collection - Waldes. F\u00e0brica de fermalls i fornitures met\u00e0l\u00b7liques\",\"isPartOf\":{\"@id\":\"https:\\\/\\\/waldes.es\\\/ca\\\/#website\"},\"datePublished\":\"2022-11-22T12:22:34+00:00\",\"dateModified\":\"2022-11-23T11:08:17+00:00\",\"description\":\"\u00daltims models de botons, fermalls i fornitures met\u00e0l\u00b7liques per a la ind\u00fastria textil, moda i marroquineria. Consulta el nostre cat\u00e0leg!\",\"breadcrumb\":{\"@id\":\"https:\\\/\\\/waldes.es\\\/ca\\\/new-collection-cat\\\/#breadcrumb\"},\"inLanguage\":\"ca\",\"potentialAction\":[{\"@type\":\"ReadAction\",\"target\":[\"https:\\\/\\\/waldes.es\\\/ca\\\/new-collection-cat\\\/\"]}]},{\"@type\":\"BreadcrumbList\",\"@id\":\"https:\\\/\\\/waldes.es\\\/ca\\\/new-collection-cat\\\/#breadcrumb\",\"itemListElement\":[{\"@type\":\"ListItem\",\"position\":1,\"name\":\"Portada\",\"item\":\"https:\\\/\\\/waldes.es\\\/ca\\\/\"},{\"@type\":\"ListItem\",\"position\":2,\"name\":\"New Collection\"}]},{\"@type\":\"WebSite\",\"@id\":\"https:\\\/\\\/waldes.es\\\/ca\\\/#website\",\"url\":\"https:\\\/\\\/waldes.es\\\/ca\\\/\",\"name\":\"Waldes\",\"description\":\"Botones y broches\",\"potentialAction\":[{\"@type\":\"SearchAction\",\"target\":{\"@type\":\"EntryPoint\",\"urlTemplate\":\"https:\\\/\\\/waldes.es\\\/ca\\\/?s={search_term_string}\"},\"query-input\":{\"@type\":\"PropertyValueSpecification\",\"valueRequired\":true,\"valueName\":\"search_term_string\"}}],\"inLanguage\":\"ca\"}]}<\/script>\n<!-- \/ Yoast SEO plugin. -->","yoast_head_json":{"title":"New Collection - Waldes. F\u00e0brica de fermalls i fornitures met\u00e0l\u00b7liques","description":"\u00daltims models de botons, fermalls i fornitures met\u00e0l\u00b7liques per a la ind\u00fastria textil, moda i marroquineria. Consulta el nostre cat\u00e0leg!","robots":{"index":"index","follow":"follow","max-snippet":"max-snippet:-1","max-image-preview":"max-image-preview:large","max-video-preview":"max-video-preview:-1"},"canonical":"https:\/\/waldes.es\/ca\/new-collection-cat\/","og_locale":"ca_ES","og_type":"article","og_title":"New Collection - Waldes. F\u00e0brica de fermalls i fornitures met\u00e0l\u00b7liques","og_description":"\u00daltims models de botons, fermalls i fornitures met\u00e0l\u00b7liques per a la ind\u00fastria textil, moda i marroquineria. Consulta el nostre cat\u00e0leg!","og_url":"https:\/\/waldes.es\/ca\/new-collection-cat\/","og_site_name":"Waldes","article_modified_time":"2022-11-23T11:08:17+00:00","twitter_card":"summary_large_image","twitter_misc":{"Temps estimat de lectura":"1 minut"},"schema":{"@context":"https:\/\/schema.org","@graph":[{"@type":"WebPage","@id":"https:\/\/waldes.es\/ca\/new-collection-cat\/","url":"https:\/\/waldes.es\/ca\/new-collection-cat\/","name":"New Collection - Waldes. F\u00e0brica de fermalls i fornitures met\u00e0l\u00b7liques","isPartOf":{"@id":"https:\/\/waldes.es\/ca\/#website"},"datePublished":"2022-11-22T12:22:34+00:00","dateModified":"2022-11-23T11:08:17+00:00","description":"\u00daltims models de botons, fermalls i fornitures met\u00e0l\u00b7liques per a la ind\u00fastria textil, moda i marroquineria. Consulta el nostre cat\u00e0leg!","breadcrumb":{"@id":"https:\/\/waldes.es\/ca\/new-collection-cat\/#breadcrumb"},"inLanguage":"ca","potentialAction":[{"@type":"ReadAction","target":["https:\/\/waldes.es\/ca\/new-collection-cat\/"]}]},{"@type":"BreadcrumbList","@id":"https:\/\/waldes.es\/ca\/new-collection-cat\/#breadcrumb","itemListElement":[{"@type":"ListItem","position":1,"name":"Portada","item":"https:\/\/waldes.es\/ca\/"},{"@type":"ListItem","position":2,"name":"New Collection"}]},{"@type":"WebSite","@id":"https:\/\/waldes.es\/ca\/#website","url":"https:\/\/waldes.es\/ca\/","name":"Waldes","description":"Botones y broches","potentialAction":[{"@type":"SearchAction","target":{"@type":"EntryPoint","urlTemplate":"https:\/\/waldes.es\/ca\/?s={search_term_string}"},"query-input":{"@type":"PropertyValueSpecification","valueRequired":true,"valueName":"search_term_string"}}],"inLanguage":"ca"}]}},"_links":{"self":[{"href":"https:\/\/waldes.es\/ca\/wp-json\/wp\/v2\/pages\/4874","targetHints":{"allow":["GET"]}}],"collection":[{"href":"https:\/\/waldes.es\/ca\/wp-json\/wp\/v2\/pages"}],"about":[{"href":"https:\/\/waldes.es\/ca\/wp-json\/wp\/v2\/types\/page"}],"author":[{"embeddable":true,"href":"https:\/\/waldes.es\/ca\/wp-json\/wp\/v2\/users\/1"}],"replies":[{"embeddable":true,"href":"https:\/\/waldes.es\/ca\/wp-json\/wp\/v2\/comments?post=4874"}],"version-history":[{"count":10,"href":"https:\/\/waldes.es\/ca\/wp-json\/wp\/v2\/pages\/4874\/revisions"}],"predecessor-version":[{"id":5098,"href":"https:\/\/waldes.es\/ca\/wp-json\/wp\/v2\/pages\/4874\/revisions\/5098"}],"wp:attachment":[{"href":"https:\/\/waldes.es\/ca\/wp-json\/wp\/v2\/media?parent=4874"}],"curies":[{"name":"wp","href":"https:\/\/api.w.org\/{rel}","templated":true}]}}