{"id":4880,"date":"2022-11-22T12:28:47","date_gmt":"2022-11-22T12:28:47","guid":{"rendered":"https:\/\/waldes.es\/industria\/"},"modified":"2022-11-30T14:06:27","modified_gmt":"2022-11-30T14:06:27","slug":"industria","status":"publish","type":"page","link":"https:\/\/waldes.es\/ca\/industria\/","title":{"rendered":"Ind\u00fastria"},"content":{"rendered":"<p>[et_pb_section fb_built=&#8221;1&#8243; _builder_version=&#8221;4.18.0&#8243; background_color=&#8221;#605a56&#8243; min_height=&#8221;70px&#8221; custom_margin=&#8221;30px||||false|false&#8221; custom_padding=&#8221;40px||30px||false|false&#8221; top_divider_height=&#8221;20px&#8221; global_colors_info=&#8221;{}&#8221;][et_pb_row _builder_version=&#8221;4.16&#8243; custom_margin=&#8221;-20px||-20px||false|false&#8221; custom_padding=&#8221;1px||0px||false|false&#8221; global_colors_info=&#8221;{}&#8221;][et_pb_column type=&#8221;4_4&#8243; _builder_version=&#8221;4.16&#8243; custom_padding=&#8221;|||&#8221; global_colors_info=&#8221;{}&#8221; custom_padding__hover=&#8221;|||&#8221;][et_pb_text _builder_version=&#8221;4.18.0&#8243; text_font=&#8221;||||||||&#8221; text_text_color=&#8221;#FFFFFF&#8221; text_font_size=&#8221;35px&#8221; text_line_height=&#8221;1em&#8221; header_font=&#8221;||||||||&#8221; text_orientation=&#8221;center&#8221; custom_margin=&#8221;-5px|||||&#8221; text_text_align=&#8221;center&#8221; global_colors_info=&#8221;{}&#8221;]<\/p>\n<p>IND\u00daSTRIA<\/p>\n<p>[\/et_pb_text][\/et_pb_column][\/et_pb_row][\/et_pb_section][et_pb_section fb_built=&#8221;1&#8243; custom_padding_last_edited=&#8221;on|phone&#8221; _builder_version=&#8221;4.16&#8243; custom_margin=&#8221;0px||||false|false&#8221; custom_margin_last_edited=&#8221;off|phone&#8221; custom_padding=&#8221;||||false|false&#8221; custom_padding_tablet=&#8221;&#8221; custom_padding_phone=&#8221;15px||||false|false&#8221; global_colors_info=&#8221;{}&#8221;][et_pb_row _builder_version=&#8221;4.16&#8243; global_colors_info=&#8221;{}&#8221;][et_pb_column type=&#8221;4_4&#8243; _builder_version=&#8221;4.16&#8243; global_colors_info=&#8221;{}&#8221;][et_pb_text _builder_version=&#8221;4.18.0&#8243; text_font=&#8221;Roboto|300|||||||&#8221; text_font_size=&#8221;18px&#8221; custom_padding=&#8221;|36px||36px||true&#8221; custom_padding_tablet=&#8221;&#8221; custom_padding_phone=&#8221;|0px||0px|false|true&#8221; custom_padding_last_edited=&#8221;on|phone&#8221; text_font_size_tablet=&#8221;18px&#8221; text_font_size_phone=&#8221;17px&#8221; text_font_size_last_edited=&#8221;on|phone&#8221; global_colors_info=&#8221;{}&#8221;]<\/p>\n<p><strong>Ind\u00fastries WALDES SCCL<\/strong> compta amb una \u00e0mplia experi\u00e8ncia en la fabricaci\u00f3 de components met\u00e0l\u00b7lics per als sectors d&#8217;automoci\u00f3, electr\u00f2nica i l\u00ednia blanca, oferint tant la producci\u00f3 com col\u00b7laboraci\u00f3 a l&#8217;\u00e0rea de desenvolupament de productes, innovacions i modernitzaci\u00f3 dels processos de producci\u00f3.<\/p>\n<p>Gr\u00e0cies a la nostra traject\u00f2ria, som una empresa amb experi\u00e8ncia consolidada en la fabricaci\u00f3 de peces d&#8217;estampaci\u00f3 met\u00e0l\u00b7lica en premses i m\u00e0quines dobladores.<\/p>\n<p>Entre les peces m\u00e9s representatives de la nostra producci\u00f3 actual, trobem components per a retrovisors, fars i pilots, amortidors, panys, etc.<\/p>\n<p>Els nostres processos s\u00f3n: disseny d&#8217;utillatges sobre la base de la pe\u00e7a del client, estampaci\u00f3 de les peces, i tractament i recobriment de superf\u00edcies, aix\u00ed com fabricaci\u00f3 de peces mitjan\u00e7ant mecanitzat.<\/p>\n<p><strong>CERTIFICACIONS<\/strong> <br \/>CERTIFICACIONS A partir de l&#8217;any 1998, Ind\u00fastries WALDES SCCL va diversificar la seva producci\u00f3 dirigint-se a altres l\u00ednies de negoci; industrial, automoci\u00f3, l\u00ednia blanca o cartonatge\/packaging. Per aix\u00f2 va obtenir la certificaci\u00f3 ISO 9001-2015 i IATF 16949-2016 que avala totes les condicions necess\u00e0ries tant en els processos de treball com en els productes fabricats.<\/p>\n<p><strong>MAQUIN\u00c0RIA I CAPACITATS IND\u00daSTRIES WALDES<\/strong><br \/>Capacitat t\u00e8cnica: Disseny, mecanitzaci\u00f3 d&#8217;estris i construcci\u00f3 de matrius.<\/p>\n<p>Les capacitats t\u00e8cniques ens permeten col\u00b7laborar amb els nostres clients en el disseny de peces i utillatges per adaptar-nos a les vostres necessitats. Aquest proc\u00e9s engloba des del desenvolupament del projecte fins a la construcci\u00f3 de l&#8217;utillatge i la matriceria adequada al proc\u00e9s.<\/p>\n<p><strong>Maquin\u00e0ria:<\/strong><\/p>\n<p><em><strong>\u2022 Secci\u00f3 premses:<\/strong><\/em><br \/>Disposem de premses amb pot\u00e8ncia que va des de 25 fins a 150 tones, que ens permeten adaptar-nos a diversos tipus de pe\u00e7a estampada.<br \/>Gruixos des de 0,15 fins a 4 mm.<\/p>\n<p><em><strong>\u2022 Secci\u00f3 encunyadores-dobladores per a fleixos i filferros:<\/strong><\/em><br \/>En aquesta secci\u00f3 disposem de maquin\u00e0ria m\u00e9s especialitzada en peces m\u00e9s petites i altres aplicacions.<br \/>Encunyadores de fins a 25 tones i doblegadores fins a 5 tones.<br \/>Amples de fleix fins a 40 mm<br \/>Di\u00e0metre filferro fins a 4 mm.<\/p>\n<p><strong>Materials:<\/strong><br \/>Treballem amb ferro, acer, acer inoxidable, llaut\u00f3, coure, bronze, alumini.<\/p>\n<p><strong>Recobriments i acabats:<\/strong><br \/>Disposem de l\u00ednies de bany electrol\u00edtic per al nostre producte propi que ens permeten obtenir acabats adaptats al client, principalment n\u00edquel, pavonat, daurat, coure, coure vell, or vell, \u2026<\/p>\n<p>[\/et_pb_text][\/et_pb_column][\/et_pb_row][et_pb_row column_structure=&#8221;1_2,1_2&#8243; _builder_version=&#8221;4.18.0&#8243; _module_preset=&#8221;default&#8221; global_colors_info=&#8221;{}&#8221;][et_pb_column type=&#8221;1_2&#8243; _builder_version=&#8221;4.18.0&#8243; _module_preset=&#8221;default&#8221; global_colors_info=&#8221;{}&#8221;][et_pb_image src=&#8221;https:\/\/waldes.es\/wp-content\/uploads\/2019\/11\/Cilindres-Industria-002.jpg&#8221; alt=&#8221;F\u00e0brica de components met\u00e0l\u00b7lics&#8221; title_text=&#8221;Cilindres-Industria-(002)&#8221; _builder_version=&#8221;4.18.0&#8243; _module_preset=&#8221;default&#8221; global_colors_info=&#8221;{}&#8221;][\/et_pb_image][\/et_pb_column][et_pb_column type=&#8221;1_2&#8243; _builder_version=&#8221;4.18.0&#8243; _module_preset=&#8221;default&#8221; global_colors_info=&#8221;{}&#8221;][et_pb_image src=&#8221;https:\/\/waldes.es\/wp-content\/uploads\/2019\/12\/fabricante-piezas-industria.jpg&#8221; alt=&#8221;Fabricante peces ind\u00fastria&#8221; title_text=&#8221;fabricante-piezas-industria&#8221; _builder_version=&#8221;4.18.0&#8243; _module_preset=&#8221;default&#8221; global_colors_info=&#8221;{}&#8221;][\/et_pb_image][\/et_pb_column][\/et_pb_row][et_pb_row column_structure=&#8221;1_3,1_3,1_3&#8243; _builder_version=&#8221;4.18.0&#8243; _module_preset=&#8221;default&#8221; global_colors_info=&#8221;{}&#8221;][et_pb_column type=&#8221;1_3&#8243; _builder_version=&#8221;4.18.0&#8243; _module_preset=&#8221;default&#8221; global_colors_info=&#8221;{}&#8221;][et_pb_image src=&#8221;https:\/\/waldes.es\/wp-content\/uploads\/2022\/10\/fabricante-componentes-metalicos-industriales-5.jpg&#8221; title_text=&#8221;fabricante-componentes-metalicos-industriales-5&#8243; _builder_version=&#8221;4.18.0&#8243; _module_preset=&#8221;default&#8221; global_colors_info=&#8221;{}&#8221;][\/et_pb_image][et_pb_image src=&#8221;https:\/\/waldes.es\/wp-content\/uploads\/2022\/10\/fabricante-componentes-metalicos-industriales-3.jpg&#8221; title_text=&#8221;fabricante-componentes-metalicos-industriales-3&#8243; _builder_version=&#8221;4.18.0&#8243; _module_preset=&#8221;default&#8221; global_colors_info=&#8221;{}&#8221;][\/et_pb_image][\/et_pb_column][et_pb_column type=&#8221;1_3&#8243; _builder_version=&#8221;4.18.0&#8243; _module_preset=&#8221;default&#8221; global_colors_info=&#8221;{}&#8221;][et_pb_image src=&#8221;https:\/\/waldes.es\/wp-content\/uploads\/2022\/10\/fabricante-componentes-metalicos-industriales-4.jpg&#8221; title_text=&#8221;fabricante-componentes-metalicos-industriales-4&#8243; _builder_version=&#8221;4.18.0&#8243; _module_preset=&#8221;default&#8221; global_colors_info=&#8221;{}&#8221;][\/et_pb_image][et_pb_image src=&#8221;https:\/\/waldes.es\/wp-content\/uploads\/2022\/10\/fabricante-componentes-metalicos-industriales-2.jpg&#8221; title_text=&#8221;fabricante-componentes-metalicos-industriales-2&#8243; _builder_version=&#8221;4.18.0&#8243; _module_preset=&#8221;default&#8221; global_colors_info=&#8221;{}&#8221;][\/et_pb_image][\/et_pb_column][et_pb_column type=&#8221;1_3&#8243; _builder_version=&#8221;4.18.0&#8243; _module_preset=&#8221;default&#8221; global_colors_info=&#8221;{}&#8221;][et_pb_image src=&#8221;https:\/\/waldes.es\/wp-content\/uploads\/2022\/10\/fabricante-componentes-metalicos-industriales-1.jpg&#8221; title_text=&#8221;fabricante-componentes-metalicos-industriales-1&#8243; _builder_version=&#8221;4.18.0&#8243; _module_preset=&#8221;default&#8221; global_colors_info=&#8221;{}&#8221;][\/et_pb_image][\/et_pb_column][\/et_pb_row][\/et_pb_section]<\/p>\n","protected":false},"excerpt":{"rendered":"<p>IND\u00daSTRIAInd\u00fastries WALDES SCCL compta amb una \u00e0mplia experi\u00e8ncia en la fabricaci\u00f3 de components met\u00e0l\u00b7lics per als sectors d&#8217;automoci\u00f3, electr\u00f2nica i l\u00ednia blanca, oferint tant la producci\u00f3 com col\u00b7laboraci\u00f3 a l&#8217;\u00e0rea de desenvolupament de productes, innovacions i modernitzaci\u00f3 dels processos de producci\u00f3. Gr\u00e0cies a la nostra traject\u00f2ria, som una empresa amb experi\u00e8ncia consolidada en la fabricaci\u00f3 [&hellip;]<\/p>\n","protected":false},"author":1,"featured_media":0,"parent":0,"menu_order":0,"comment_status":"closed","ping_status":"closed","template":"","meta":{"_et_pb_use_builder":"on","_et_pb_old_content":"","_et_gb_content_width":"","footnotes":""},"class_list":["post-4880","page","type-page","status-publish","hentry"],"yoast_head":"<!-- This site is optimized with the Yoast SEO plugin v27.3 - https:\/\/yoast.com\/product\/yoast-seo-wordpress\/ -->\n<title>Peces d&#039;estampaci\u00f3 met\u00e0l\u00b7lica en premses i en m\u00e0quines dobladores<\/title>\n<meta name=\"description\" content=\"Ind\u00fastries WALDES compta amb una \u00e0mplia experi\u00e8ncia en la fabricaci\u00f3 de components met\u00e0l\u00b7lics per als sectors d&#039;automoci\u00f3, electr\u00f2nica i l\u00ednia blanca.\" \/>\n<meta name=\"robots\" content=\"index, follow, max-snippet:-1, max-image-preview:large, max-video-preview:-1\" \/>\n<link rel=\"canonical\" href=\"https:\/\/waldes.es\/ca\/industria\/\" \/>\n<meta property=\"og:locale\" content=\"ca_ES\" \/>\n<meta property=\"og:type\" content=\"article\" \/>\n<meta property=\"og:title\" content=\"Peces d&#039;estampaci\u00f3 met\u00e0l\u00b7lica en premses i en m\u00e0quines dobladores\" \/>\n<meta property=\"og:description\" content=\"Ind\u00fastries WALDES compta amb una \u00e0mplia experi\u00e8ncia en la fabricaci\u00f3 de components met\u00e0l\u00b7lics per als sectors d&#039;automoci\u00f3, electr\u00f2nica i l\u00ednia blanca.\" \/>\n<meta property=\"og:url\" content=\"https:\/\/waldes.es\/ca\/industria\/\" \/>\n<meta property=\"og:site_name\" content=\"Waldes\" \/>\n<meta property=\"article:modified_time\" content=\"2022-11-30T14:06:27+00:00\" \/>\n<meta name=\"twitter:card\" content=\"summary_large_image\" \/>\n<meta name=\"twitter:label1\" content=\"Temps estimat de lectura\" \/>\n\t<meta name=\"twitter:data1\" content=\"5 minuts\" \/>\n<script type=\"application\/ld+json\" class=\"yoast-schema-graph\">{\"@context\":\"https:\\\/\\\/schema.org\",\"@graph\":[{\"@type\":\"WebPage\",\"@id\":\"https:\\\/\\\/waldes.es\\\/ca\\\/industria\\\/\",\"url\":\"https:\\\/\\\/waldes.es\\\/ca\\\/industria\\\/\",\"name\":\"Peces d'estampaci\u00f3 met\u00e0l\u00b7lica en premses i en m\u00e0quines dobladores\",\"isPartOf\":{\"@id\":\"https:\\\/\\\/waldes.es\\\/ca\\\/#website\"},\"datePublished\":\"2022-11-22T12:28:47+00:00\",\"dateModified\":\"2022-11-30T14:06:27+00:00\",\"description\":\"Ind\u00fastries WALDES compta amb una \u00e0mplia experi\u00e8ncia en la fabricaci\u00f3 de components met\u00e0l\u00b7lics per als sectors d'automoci\u00f3, electr\u00f2nica i l\u00ednia blanca.\",\"breadcrumb\":{\"@id\":\"https:\\\/\\\/waldes.es\\\/ca\\\/industria\\\/#breadcrumb\"},\"inLanguage\":\"ca\",\"potentialAction\":[{\"@type\":\"ReadAction\",\"target\":[\"https:\\\/\\\/waldes.es\\\/ca\\\/industria\\\/\"]}]},{\"@type\":\"BreadcrumbList\",\"@id\":\"https:\\\/\\\/waldes.es\\\/ca\\\/industria\\\/#breadcrumb\",\"itemListElement\":[{\"@type\":\"ListItem\",\"position\":1,\"name\":\"Portada\",\"item\":\"https:\\\/\\\/waldes.es\\\/ca\\\/\"},{\"@type\":\"ListItem\",\"position\":2,\"name\":\"Ind\u00fastria\"}]},{\"@type\":\"WebSite\",\"@id\":\"https:\\\/\\\/waldes.es\\\/ca\\\/#website\",\"url\":\"https:\\\/\\\/waldes.es\\\/ca\\\/\",\"name\":\"Waldes\",\"description\":\"Botones y broches\",\"potentialAction\":[{\"@type\":\"SearchAction\",\"target\":{\"@type\":\"EntryPoint\",\"urlTemplate\":\"https:\\\/\\\/waldes.es\\\/ca\\\/?s={search_term_string}\"},\"query-input\":{\"@type\":\"PropertyValueSpecification\",\"valueRequired\":true,\"valueName\":\"search_term_string\"}}],\"inLanguage\":\"ca\"}]}<\/script>\n<!-- \/ Yoast SEO plugin. -->","yoast_head_json":{"title":"Peces d'estampaci\u00f3 met\u00e0l\u00b7lica en premses i en m\u00e0quines dobladores","description":"Ind\u00fastries WALDES compta amb una \u00e0mplia experi\u00e8ncia en la fabricaci\u00f3 de components met\u00e0l\u00b7lics per als sectors d'automoci\u00f3, electr\u00f2nica i l\u00ednia blanca.","robots":{"index":"index","follow":"follow","max-snippet":"max-snippet:-1","max-image-preview":"max-image-preview:large","max-video-preview":"max-video-preview:-1"},"canonical":"https:\/\/waldes.es\/ca\/industria\/","og_locale":"ca_ES","og_type":"article","og_title":"Peces d'estampaci\u00f3 met\u00e0l\u00b7lica en premses i en m\u00e0quines dobladores","og_description":"Ind\u00fastries WALDES compta amb una \u00e0mplia experi\u00e8ncia en la fabricaci\u00f3 de components met\u00e0l\u00b7lics per als sectors d'automoci\u00f3, electr\u00f2nica i l\u00ednia blanca.","og_url":"https:\/\/waldes.es\/ca\/industria\/","og_site_name":"Waldes","article_modified_time":"2022-11-30T14:06:27+00:00","twitter_card":"summary_large_image","twitter_misc":{"Temps estimat de lectura":"5 minuts"},"schema":{"@context":"https:\/\/schema.org","@graph":[{"@type":"WebPage","@id":"https:\/\/waldes.es\/ca\/industria\/","url":"https:\/\/waldes.es\/ca\/industria\/","name":"Peces d'estampaci\u00f3 met\u00e0l\u00b7lica en premses i en m\u00e0quines dobladores","isPartOf":{"@id":"https:\/\/waldes.es\/ca\/#website"},"datePublished":"2022-11-22T12:28:47+00:00","dateModified":"2022-11-30T14:06:27+00:00","description":"Ind\u00fastries WALDES compta amb una \u00e0mplia experi\u00e8ncia en la fabricaci\u00f3 de components met\u00e0l\u00b7lics per als sectors d'automoci\u00f3, electr\u00f2nica i l\u00ednia blanca.","breadcrumb":{"@id":"https:\/\/waldes.es\/ca\/industria\/#breadcrumb"},"inLanguage":"ca","potentialAction":[{"@type":"ReadAction","target":["https:\/\/waldes.es\/ca\/industria\/"]}]},{"@type":"BreadcrumbList","@id":"https:\/\/waldes.es\/ca\/industria\/#breadcrumb","itemListElement":[{"@type":"ListItem","position":1,"name":"Portada","item":"https:\/\/waldes.es\/ca\/"},{"@type":"ListItem","position":2,"name":"Ind\u00fastria"}]},{"@type":"WebSite","@id":"https:\/\/waldes.es\/ca\/#website","url":"https:\/\/waldes.es\/ca\/","name":"Waldes","description":"Botones y broches","potentialAction":[{"@type":"SearchAction","target":{"@type":"EntryPoint","urlTemplate":"https:\/\/waldes.es\/ca\/?s={search_term_string}"},"query-input":{"@type":"PropertyValueSpecification","valueRequired":true,"valueName":"search_term_string"}}],"inLanguage":"ca"}]}},"_links":{"self":[{"href":"https:\/\/waldes.es\/ca\/wp-json\/wp\/v2\/pages\/4880","targetHints":{"allow":["GET"]}}],"collection":[{"href":"https:\/\/waldes.es\/ca\/wp-json\/wp\/v2\/pages"}],"about":[{"href":"https:\/\/waldes.es\/ca\/wp-json\/wp\/v2\/types\/page"}],"author":[{"embeddable":true,"href":"https:\/\/waldes.es\/ca\/wp-json\/wp\/v2\/users\/1"}],"replies":[{"embeddable":true,"href":"https:\/\/waldes.es\/ca\/wp-json\/wp\/v2\/comments?post=4880"}],"version-history":[{"count":3,"href":"https:\/\/waldes.es\/ca\/wp-json\/wp\/v2\/pages\/4880\/revisions"}],"predecessor-version":[{"id":5213,"href":"https:\/\/waldes.es\/ca\/wp-json\/wp\/v2\/pages\/4880\/revisions\/5213"}],"wp:attachment":[{"href":"https:\/\/waldes.es\/ca\/wp-json\/wp\/v2\/media?parent=4880"}],"curies":[{"name":"wp","href":"https:\/\/api.w.org\/{rel}","templated":true}]}}