{"id":4908,"date":"2022-11-22T12:55:25","date_gmt":"2022-11-22T12:55:25","guid":{"rendered":"https:\/\/waldes.es\/sostenibilitat\/"},"modified":"2022-11-30T13:51:16","modified_gmt":"2022-11-30T13:51:16","slug":"sostenibilitat","status":"publish","type":"page","link":"https:\/\/waldes.es\/ca\/sostenibilitat\/","title":{"rendered":"Sostenibilitat"},"content":{"rendered":"<p>[et_pb_section fb_built=&#8221;1&#8243; _builder_version=&#8221;4.18.0&#8243; background_color=&#8221;#2d96b7&#8243; min_height=&#8221;70px&#8221; custom_margin=&#8221;30px||||false|false&#8221; custom_padding=&#8221;40px||30px||false|false&#8221; top_divider_height=&#8221;20px&#8221; global_colors_info=&#8221;{}&#8221;][et_pb_row _builder_version=&#8221;4.16&#8243; custom_margin=&#8221;-20px||-20px||false|false&#8221; custom_padding=&#8221;1px||0px||false|false&#8221; global_colors_info=&#8221;{}&#8221;][et_pb_column type=&#8221;4_4&#8243; _builder_version=&#8221;4.16&#8243; custom_padding=&#8221;|||&#8221; global_colors_info=&#8221;{}&#8221; custom_padding__hover=&#8221;|||&#8221;][et_pb_text _builder_version=&#8221;4.18.0&#8243; text_font=&#8221;||||||||&#8221; text_text_color=&#8221;#FFFFFF&#8221; text_font_size=&#8221;35px&#8221; text_line_height=&#8221;1em&#8221; header_font=&#8221;||||||||&#8221; text_orientation=&#8221;center&#8221; custom_margin=&#8221;-5px||||false|false&#8221; custom_padding=&#8221;||||false|false&#8221; text_text_align=&#8221;center&#8221; global_colors_info=&#8221;{}&#8221;]<\/p>\n<p>SOSTENIBILITAT<\/p>\n<p>[\/et_pb_text][\/et_pb_column][\/et_pb_row][\/et_pb_section][et_pb_section fb_built=&#8221;1&#8243; fullwidth=&#8221;on&#8221; _builder_version=&#8221;4.16&#8243; background_color=&#8221;rgba(99,93,84,0.75)&#8221; background_image=&#8221;https:\/\/waldes.es\/wp-content\/uploads\/2019\/11\/sostenibilidad.jpg&#8221; width=&#8221;100%&#8221; max_width_tablet=&#8221;&#8221; max_width_phone=&#8221;&#8221; max_width_last_edited=&#8221;on|phone&#8221; height=&#8221;290px&#8221; max_height=&#8221;435px&#8221; max_height_tablet=&#8221;&#8221; max_height_phone=&#8221;100px&#8221; max_height_last_edited=&#8221;on|phone&#8221; custom_margin=&#8221;0px|0px|0px|0px|false|false&#8221; custom_padding=&#8221;49px|0px|0px|0px||&#8221; top_divider_height=&#8221;0px&#8221; global_colors_info=&#8221;{}&#8221;][\/et_pb_section][et_pb_section fb_built=&#8221;1&#8243; _builder_version=&#8221;4.16&#8243; custom_margin_tablet=&#8221;&#8221; custom_margin_phone=&#8221;0px||||false|false&#8221; custom_margin_last_edited=&#8221;on|phone&#8221; custom_padding=&#8221;0px||0px||false|false&#8221; global_colors_info=&#8221;{}&#8221;][et_pb_row custom_padding_last_edited=&#8221;on|phone&#8221; _builder_version=&#8221;4.16&#8243; custom_margin=&#8221;0px|auto|29px|auto|false|false&#8221; custom_margin_tablet=&#8221;&#8221; custom_margin_phone=&#8221;||10px||false|false&#8221; custom_margin_last_edited=&#8221;on|phone&#8221; custom_padding_tablet=&#8221;&#8221; custom_padding_phone=&#8221;&#8221; global_colors_info=&#8221;{}&#8221;][et_pb_column type=&#8221;4_4&#8243; _builder_version=&#8221;4.16&#8243; global_colors_info=&#8221;{}&#8221;][et_pb_text _builder_version=&#8221;4.16&#8243; text_font=&#8221;|300|||||||&#8221; text_font_size=&#8221;18px&#8221; text_font_size_tablet=&#8221;&#8221; text_font_size_phone=&#8221;17px&#8221; text_font_size_last_edited=&#8221;on|phone&#8221; global_colors_info=&#8221;{}&#8221;]<\/p>\n<h2>Comprom\u00eds<\/h2>\n<p><strong>Ind\u00fastries Waldes SCCL<\/strong> evid\u00e8ncia el seu comprom\u00eds amb la sostenibilitat i aposta per la gesti\u00f3 de la producci\u00f3 i els recursos amb criteris d&#8217;ecoefici\u00e8ncia.<\/p>\n<p>Per fer-ho, es fomenta l&#8217;\u00fas de mat\u00e8ries primeres i consumibles reciclats amb l\u2019objectiu de treballar de la manera m\u00e9s responsable i sostenible.<\/p>\n<p>A m\u00e9s, el subministrament de productes i mat\u00e8ries primeres compleix els est\u00e0ndards socials, mediambientals i de salut i seguretat m\u00e9s exigents.<\/p>\n<h2>Proximitat<\/h2>\n<p>Per a el seu aprovisionament <strong>Ind\u00fastries Waldes SCCL<\/strong> treballa amb un 90% de prove\u00efdors nacionals, un 7% de la UE i un 3% de la resta del m\u00f3n, i el seu objectiu \u00e9s el consum de producte de proximitat.<\/p>\n<h2>Medi ambient<\/h2>\n<p>La cooperativa disposa d&#8217;un Pla de Gesti\u00f3 de Residus on s&#8217;identifiquen correctament tots els residus de producci\u00f3 i se&#8217;n potencia la valoraci\u00f3, el reciclatge i la minimitzaci\u00f3.<\/p>\n<p>Amb gran rigor, aquests s\u00f3n gestionats correctament per gestors autoritzats per l&#8217;administraci\u00f3.<\/p>\n<p><strong>Ind\u00fastries Waldes SCCL<\/strong> disposa d&#8217;una estaci\u00f3 depuradora f\u00edsico-qu\u00edmica a les seves instal\u00b7lacions per tractar correctament les aig\u00fces residuals abans de l&#8217;abocament a la xarxa p\u00fablica.<\/p>\n<p>Igualment, es realitzen inspeccions pr\u00e8vies per la legislaci\u00f3 vigent tant pel seu funcionament com pel compliment dels requisits relacionats amb la llic\u00e8ncia d&#8217;abocaments que se li ha atorgat.<\/p>\n<p>Tots els residus que es generen en el proc\u00e9s productiu s\u00f3n gestionats adequadament mitjan\u00e7ant transports i gestors autoritzats, amb especial atenci\u00f3 als abocaments classificats com a perillosos (de depuraci\u00f3, olis, trepants, etc\u2026).<\/p>\n<p>Tamb\u00e9, segons la legislaci\u00f3 vigent, es mant\u00e9 un estricte control i seguiment amb els \u00f2rgans administratius a trav\u00e9s de gestors autoritzats i realitzant declaracions anuals de residus i plans per minimitzar-los.<\/p>\n<p>Els processos no generen gaireb\u00e9 emissions de CO2, i tots els punts d&#8217;emissi\u00f3 estan identificats, registrats i subjectes a control segons el que estableix la llei.<\/p>\n<h2>Model cooperatiu<\/h2>\n<p><strong>Ind\u00fastries Waldes SCCL<\/strong> a causa de la seva ess\u00e8ncia intr\u00ednseca dels valors de l&#8217;economia cooperativa advoca per un model inclusiu, <br \/>autogestionat, sense discriminaci\u00f3 de g\u00e8nere, adaptant-se a l&#8217;entorn competitiu del mercat i amb \u00e8mfasi a gestionar l&#8217;empresa mantenint els llocs de treball mitjan\u00e7ant l&#8217;estabilitat i la qualitat d&#8217;ocupaci\u00f3.<\/p>\n<p>[\/et_pb_text][\/et_pb_column][\/et_pb_row][\/et_pb_section]<\/p>\n","protected":false},"excerpt":{"rendered":"<p>SOSTENIBILITATComprom\u00eds Ind\u00fastries Waldes SCCL evid\u00e8ncia el seu comprom\u00eds amb la sostenibilitat i aposta per la gesti\u00f3 de la producci\u00f3 i els recursos amb criteris d&#8217;ecoefici\u00e8ncia. Per fer-ho, es fomenta l&#8217;\u00fas de mat\u00e8ries primeres i consumibles reciclats amb l\u2019objectiu de treballar de la manera m\u00e9s responsable i sostenible. A m\u00e9s, el subministrament de productes i mat\u00e8ries [&hellip;]<\/p>\n","protected":false},"author":1,"featured_media":0,"parent":0,"menu_order":0,"comment_status":"closed","ping_status":"closed","template":"","meta":{"_et_pb_use_builder":"on","_et_pb_old_content":"","_et_gb_content_width":"","footnotes":""},"class_list":["post-4908","page","type-page","status-publish","hentry"],"yoast_head":"<!-- This site is optimized with the Yoast SEO plugin v27.4 - https:\/\/yoast.com\/product\/yoast-seo-wordpress\/ -->\n<title>Ind\u00fastries Waldes: Comprom\u00eds amb la sostenibilitat i model cooperatiu<\/title>\n<meta name=\"description\" content=\"Ind\u00fastries Waldes SCCL evid\u00e8ncia el seu comprom\u00eds amb la sostenibilitat, i aposta per la gesti\u00f3 de la seva producci\u00f3 i recursos amb criteris d&#039;ecoefici\u00e8ncia.\" \/>\n<meta name=\"robots\" content=\"index, follow, max-snippet:-1, max-image-preview:large, max-video-preview:-1\" \/>\n<link rel=\"canonical\" href=\"https:\/\/waldes.es\/ca\/sostenibilitat\/\" \/>\n<meta property=\"og:locale\" content=\"ca_ES\" \/>\n<meta property=\"og:type\" content=\"article\" \/>\n<meta property=\"og:title\" content=\"Ind\u00fastries Waldes: Comprom\u00eds amb la sostenibilitat i model cooperatiu\" \/>\n<meta property=\"og:description\" content=\"Ind\u00fastries Waldes SCCL evid\u00e8ncia el seu comprom\u00eds amb la sostenibilitat, i aposta per la gesti\u00f3 de la seva producci\u00f3 i recursos amb criteris d&#039;ecoefici\u00e8ncia.\" \/>\n<meta property=\"og:url\" content=\"https:\/\/waldes.es\/ca\/sostenibilitat\/\" \/>\n<meta property=\"og:site_name\" content=\"Waldes\" \/>\n<meta property=\"article:modified_time\" content=\"2022-11-30T13:51:16+00:00\" \/>\n<meta name=\"twitter:card\" content=\"summary_large_image\" \/>\n<meta name=\"twitter:label1\" content=\"Temps estimat de lectura\" \/>\n\t<meta name=\"twitter:data1\" content=\"3 minuts\" \/>\n<script type=\"application\/ld+json\" class=\"yoast-schema-graph\">{\"@context\":\"https:\\\/\\\/schema.org\",\"@graph\":[{\"@type\":\"WebPage\",\"@id\":\"https:\\\/\\\/waldes.es\\\/ca\\\/sostenibilitat\\\/\",\"url\":\"https:\\\/\\\/waldes.es\\\/ca\\\/sostenibilitat\\\/\",\"name\":\"Ind\u00fastries Waldes: Comprom\u00eds amb la sostenibilitat i model cooperatiu\",\"isPartOf\":{\"@id\":\"https:\\\/\\\/waldes.es\\\/ca\\\/#website\"},\"datePublished\":\"2022-11-22T12:55:25+00:00\",\"dateModified\":\"2022-11-30T13:51:16+00:00\",\"description\":\"Ind\u00fastries Waldes SCCL evid\u00e8ncia el seu comprom\u00eds amb la sostenibilitat, i aposta per la gesti\u00f3 de la seva producci\u00f3 i recursos amb criteris d'ecoefici\u00e8ncia.\",\"breadcrumb\":{\"@id\":\"https:\\\/\\\/waldes.es\\\/ca\\\/sostenibilitat\\\/#breadcrumb\"},\"inLanguage\":\"ca\",\"potentialAction\":[{\"@type\":\"ReadAction\",\"target\":[\"https:\\\/\\\/waldes.es\\\/ca\\\/sostenibilitat\\\/\"]}]},{\"@type\":\"BreadcrumbList\",\"@id\":\"https:\\\/\\\/waldes.es\\\/ca\\\/sostenibilitat\\\/#breadcrumb\",\"itemListElement\":[{\"@type\":\"ListItem\",\"position\":1,\"name\":\"Portada\",\"item\":\"https:\\\/\\\/waldes.es\\\/ca\\\/\"},{\"@type\":\"ListItem\",\"position\":2,\"name\":\"Sostenibilitat\"}]},{\"@type\":\"WebSite\",\"@id\":\"https:\\\/\\\/waldes.es\\\/ca\\\/#website\",\"url\":\"https:\\\/\\\/waldes.es\\\/ca\\\/\",\"name\":\"Waldes\",\"description\":\"Botones y broches\",\"potentialAction\":[{\"@type\":\"SearchAction\",\"target\":{\"@type\":\"EntryPoint\",\"urlTemplate\":\"https:\\\/\\\/waldes.es\\\/ca\\\/?s={search_term_string}\"},\"query-input\":{\"@type\":\"PropertyValueSpecification\",\"valueRequired\":true,\"valueName\":\"search_term_string\"}}],\"inLanguage\":\"ca\"}]}<\/script>\n<!-- \/ Yoast SEO plugin. -->","yoast_head_json":{"title":"Ind\u00fastries Waldes: Comprom\u00eds amb la sostenibilitat i model cooperatiu","description":"Ind\u00fastries Waldes SCCL evid\u00e8ncia el seu comprom\u00eds amb la sostenibilitat, i aposta per la gesti\u00f3 de la seva producci\u00f3 i recursos amb criteris d'ecoefici\u00e8ncia.","robots":{"index":"index","follow":"follow","max-snippet":"max-snippet:-1","max-image-preview":"max-image-preview:large","max-video-preview":"max-video-preview:-1"},"canonical":"https:\/\/waldes.es\/ca\/sostenibilitat\/","og_locale":"ca_ES","og_type":"article","og_title":"Ind\u00fastries Waldes: Comprom\u00eds amb la sostenibilitat i model cooperatiu","og_description":"Ind\u00fastries Waldes SCCL evid\u00e8ncia el seu comprom\u00eds amb la sostenibilitat, i aposta per la gesti\u00f3 de la seva producci\u00f3 i recursos amb criteris d'ecoefici\u00e8ncia.","og_url":"https:\/\/waldes.es\/ca\/sostenibilitat\/","og_site_name":"Waldes","article_modified_time":"2022-11-30T13:51:16+00:00","twitter_card":"summary_large_image","twitter_misc":{"Temps estimat de lectura":"3 minuts"},"schema":{"@context":"https:\/\/schema.org","@graph":[{"@type":"WebPage","@id":"https:\/\/waldes.es\/ca\/sostenibilitat\/","url":"https:\/\/waldes.es\/ca\/sostenibilitat\/","name":"Ind\u00fastries Waldes: Comprom\u00eds amb la sostenibilitat i model cooperatiu","isPartOf":{"@id":"https:\/\/waldes.es\/ca\/#website"},"datePublished":"2022-11-22T12:55:25+00:00","dateModified":"2022-11-30T13:51:16+00:00","description":"Ind\u00fastries Waldes SCCL evid\u00e8ncia el seu comprom\u00eds amb la sostenibilitat, i aposta per la gesti\u00f3 de la seva producci\u00f3 i recursos amb criteris d'ecoefici\u00e8ncia.","breadcrumb":{"@id":"https:\/\/waldes.es\/ca\/sostenibilitat\/#breadcrumb"},"inLanguage":"ca","potentialAction":[{"@type":"ReadAction","target":["https:\/\/waldes.es\/ca\/sostenibilitat\/"]}]},{"@type":"BreadcrumbList","@id":"https:\/\/waldes.es\/ca\/sostenibilitat\/#breadcrumb","itemListElement":[{"@type":"ListItem","position":1,"name":"Portada","item":"https:\/\/waldes.es\/ca\/"},{"@type":"ListItem","position":2,"name":"Sostenibilitat"}]},{"@type":"WebSite","@id":"https:\/\/waldes.es\/ca\/#website","url":"https:\/\/waldes.es\/ca\/","name":"Waldes","description":"Botones y broches","potentialAction":[{"@type":"SearchAction","target":{"@type":"EntryPoint","urlTemplate":"https:\/\/waldes.es\/ca\/?s={search_term_string}"},"query-input":{"@type":"PropertyValueSpecification","valueRequired":true,"valueName":"search_term_string"}}],"inLanguage":"ca"}]}},"_links":{"self":[{"href":"https:\/\/waldes.es\/ca\/wp-json\/wp\/v2\/pages\/4908","targetHints":{"allow":["GET"]}}],"collection":[{"href":"https:\/\/waldes.es\/ca\/wp-json\/wp\/v2\/pages"}],"about":[{"href":"https:\/\/waldes.es\/ca\/wp-json\/wp\/v2\/types\/page"}],"author":[{"embeddable":true,"href":"https:\/\/waldes.es\/ca\/wp-json\/wp\/v2\/users\/1"}],"replies":[{"embeddable":true,"href":"https:\/\/waldes.es\/ca\/wp-json\/wp\/v2\/comments?post=4908"}],"version-history":[{"count":5,"href":"https:\/\/waldes.es\/ca\/wp-json\/wp\/v2\/pages\/4908\/revisions"}],"predecessor-version":[{"id":5214,"href":"https:\/\/waldes.es\/ca\/wp-json\/wp\/v2\/pages\/4908\/revisions\/5214"}],"wp:attachment":[{"href":"https:\/\/waldes.es\/ca\/wp-json\/wp\/v2\/media?parent=4908"}],"curies":[{"name":"wp","href":"https:\/\/api.w.org\/{rel}","templated":true}]}}