{"id":3040,"date":"2019-12-22T14:59:05","date_gmt":"2019-12-22T14:59:05","guid":{"rendered":"http:\/\/waldes.es\/jeans\/"},"modified":"2022-11-30T13:58:02","modified_gmt":"2022-11-30T13:58:02","slug":"jeans","status":"publish","type":"page","link":"https:\/\/waldes.es\/en\/jeans\/","title":{"rendered":"Jeans"},"content":{"rendered":"<p>[et_pb_section fb_built=&#8221;1&#8243; _builder_version=&#8221;4.16&#8243; background_color=&#8221;#007eac&#8221; use_background_color_gradient=&#8221;on&#8221; background_color_gradient_stops=&#8221;#00556e 0%|#007eac 10%&#8221; background_color_gradient_start=&#8221;#00556e&#8221; background_color_gradient_end=&#8221;#007eac&#8221; background_color_gradient_end_position=&#8221;10%&#8221; custom_margin=&#8221;-22px||||false|false&#8221; custom_padding=&#8221;||38px|||&#8221; top_divider_height=&#8221;20px&#8221; global_colors_info=&#8221;{}&#8221;][et_pb_row _builder_version=&#8221;4.16&#8243; custom_margin=&#8221;-20px||-20px||false|false&#8221; custom_padding=&#8221;1px||0px||false|false&#8221; global_colors_info=&#8221;{}&#8221;][et_pb_column type=&#8221;4_4&#8243; _builder_version=&#8221;4.16&#8243; custom_padding=&#8221;|||&#8221; global_colors_info=&#8221;{}&#8221; custom_padding__hover=&#8221;|||&#8221;][et_pb_text _builder_version=&#8221;4.16&#8243; text_font=&#8221;Roboto Slab||||||||&#8221; text_text_color=&#8221;#FFFFFF&#8221; text_font_size=&#8221;35px&#8221; text_line_height=&#8221;1em&#8221; header_font=&#8221;||||||||&#8221; text_orientation=&#8221;center&#8221; custom_margin=&#8221;-5px|||||&#8221; text_text_align=&#8221;center&#8221; global_colors_info=&#8221;{}&#8221;]<\/p>\n<p>Jeans<\/p>\n<p>[\/et_pb_text][\/et_pb_column][\/et_pb_row][\/et_pb_section][et_pb_section fb_built=&#8221;1&#8243; fullwidth=&#8221;on&#8221; _builder_version=&#8221;4.16&#8243; background_color=&#8221;rgba(99,93,84,0.75)&#8221; background_image=&#8221;https:\/\/waldes.es\/wp-content\/uploads\/2019\/11\/bodegon-tejano-banner.jpg&#8221; background_blend=&#8221;overlay&#8221; width=&#8221;100%&#8221; max_width_tablet=&#8221;&#8221; max_width_phone=&#8221;&#8221; max_width_last_edited=&#8221;on|phone&#8221; height=&#8221;197px&#8221; max_height=&#8221;435px&#8221; max_height_tablet=&#8221;&#8221; max_height_phone=&#8221;100px&#8221; max_height_last_edited=&#8221;on|phone&#8221; custom_margin=&#8221;0px|0px|0px|0px&#8221; custom_padding=&#8221;49px|0px|0px|0px||&#8221; top_divider_height=&#8221;0px&#8221; global_colors_info=&#8221;{}&#8221;][\/et_pb_section][et_pb_section fb_built=&#8221;1&#8243; _builder_version=&#8221;4.16&#8243; custom_padding=&#8221;||40px||false|false&#8221; global_colors_info=&#8221;{}&#8221;][et_pb_row column_structure=&#8221;3_5,2_5&#8243; _builder_version=&#8221;4.16&#8243; global_colors_info=&#8221;{}&#8221;][et_pb_column type=&#8221;3_5&#8243; _builder_version=&#8221;4.16&#8243; global_colors_info=&#8221;{}&#8221;][et_pb_text _builder_version=&#8221;4.16&#8243; text_font=&#8221;Roboto|300|||||||&#8221; text_font_size=&#8221;18px&#8221; custom_padding=&#8221;|36px||36px||true&#8221; text_font_size_tablet=&#8221;18px&#8221; text_font_size_phone=&#8221;15px&#8221; text_font_size_last_edited=&#8221;on|desktop&#8221; global_colors_info=&#8221;{}&#8221;]We have a wide range of buttons and rivets jeans, for all types of jeans, which can be customized with the client&#8217;s logo.[\/et_pb_text][\/et_pb_column][et_pb_column type=&#8221;2_5&#8243; _builder_version=&#8221;4.16&#8243; custom_padding=&#8221;||||false|false&#8221; global_colors_info=&#8221;{}&#8221;][et_pb_image src=&#8221;https:\/\/waldes.es\/wp-content\/uploads\/2019\/09\/catalogo-tejano-web.jpg&#8221; url=&#8221;https:\/\/waldes.es\/catalogos_productos\/catalogo_tejano.pdf&#8221; url_new_window=&#8221;on&#8221; align_tablet=&#8221;center&#8221; align_phone=&#8221;&#8221; align_last_edited=&#8221;on|phone&#8221; _builder_version=&#8221;4.16&#8243; width=&#8221;100%&#8221; width_tablet=&#8221;&#8221; width_phone=&#8221;25%&#8221; width_last_edited=&#8221;on|tablet&#8221; max_width=&#8221;150px&#8221; max_width_tablet=&#8221;250px&#8221; max_width_phone=&#8221;&#8221; max_width_last_edited=&#8221;on|phone&#8221; module_alignment=&#8221;left&#8221; custom_margin=&#8221;||10px|2%|false|false&#8221; custom_padding=&#8221;|0px|||false|false&#8221; module_alignment_tablet=&#8221;center&#8221; module_alignment_phone=&#8221;center&#8221; module_alignment_last_edited=&#8221;on|phone&#8221; global_colors_info=&#8221;{}&#8221;][\/et_pb_image][et_pb_text _builder_version=&#8221;4.16&#8243; text_font=&#8221;||||||||&#8221; text_font_size=&#8221;13px&#8221; custom_margin=&#8221;0px|||3px|false|false&#8221; custom_margin_tablet=&#8221;||||false|false&#8221; custom_margin_phone=&#8221;&#8221; custom_margin_last_edited=&#8221;on|desktop&#8221; custom_padding=&#8221;0px|||0px|false|false&#8221; link_option_url=&#8221;https:\/\/waldes.es\/catalogos_productos\/catalogo_tejano.pdf&#8221; text_orientation_tablet=&#8221;center&#8221; text_orientation_phone=&#8221;&#8221; text_orientation_last_edited=&#8221;on|tablet&#8221; text_text_align=&#8221;center&#8221; global_colors_info=&#8221;{}&#8221;]Download the catalog in PDF[\/et_pb_text][et_pb_code _builder_version=&#8221;4.16&#8243; global_colors_info=&#8221;{}&#8221;]<a name=\"remache-costura\"><\/a>[\/et_pb_code][\/et_pb_column][\/et_pb_row][\/et_pb_section][et_pb_section fb_built=&#8221;1&#8243; _builder_version=&#8221;4.16&#8243; width_tablet=&#8221;95%&#8221; width_phone=&#8221;90%&#8221; width_last_edited=&#8221;on|phone&#8221; custom_margin=&#8221;0px|5%|5%|5%|false|false&#8221; custom_margin_tablet=&#8221;|||5px|false|false&#8221; custom_margin_phone=&#8221;|5%|5%||false|false&#8221; custom_margin_last_edited=&#8221;on|desktop&#8221; custom_padding=&#8221;0px|5%|0px|5%|false|false&#8221; global_colors_info=&#8221;{}&#8221;][et_pb_row column_structure=&#8221;3_5,2_5&#8243; make_equal=&#8221;on&#8221; module_class=&#8221;productos&#8221; _builder_version=&#8221;4.16&#8243; width=&#8221;100%&#8221; module_alignment=&#8221;center&#8221; min_height=&#8221;90px&#8221; custom_margin=&#8221;|0px||0px|false|false&#8221; custom_margin_tablet=&#8221;|0px|||false|false&#8221; custom_margin_phone=&#8221;&#8221; custom_margin_last_edited=&#8221;on|phone&#8221; custom_padding=&#8221;14px|0px|21px|0px|false|false&#8221; border_width_top=&#8221;1px&#8221; global_colors_info=&#8221;{}&#8221;][et_pb_column type=&#8221;3_5&#8243; _builder_version=&#8221;4.16&#8243; global_colors_info=&#8221;{}&#8221;][et_pb_image src=&#8221;https:\/\/waldes.es\/wp-content\/uploads\/2019\/11\/Remache-de-Costura.jpg&#8221; show_in_lightbox=&#8221;on&#8221; _builder_version=&#8221;4.16&#8243; custom_padding=&#8221;0px||0px|||&#8221; global_colors_info=&#8221;{}&#8221;][\/et_pb_image][\/et_pb_column][et_pb_column type=&#8221;2_5&#8243; module_class=&#8221;ds-vertical-align&#8221; _builder_version=&#8221;4.16&#8243; global_colors_info=&#8221;{}&#8221;][et_pb_text _builder_version=&#8221;4.16&#8243; text_font=&#8221;Roboto Slab|700|||||||&#8221; text_font_size=&#8221;24px&#8221; custom_margin=&#8221;||19px|||&#8221; global_colors_info=&#8221;{}&#8221;]<\/p>\n<h2>Sewing rivet<\/h2>\n<p>[\/et_pb_text][et_pb_text _builder_version=&#8221;4.16&#8243; text_font=&#8221;Roboto|300|||||||&#8221; text_font_size=&#8221;18px&#8221; custom_margin=&#8221;-11px|||||&#8221; text_font_tablet=&#8221;Roboto|300|||||||&#8221; text_font_phone=&#8221;&#8221; text_font_last_edited=&#8221;on|desktop&#8221; text_font_size_tablet=&#8221;&#8221; text_font_size_phone=&#8221;15px&#8221; text_font_size_last_edited=&#8221;on|phone&#8221; global_colors_info=&#8221;{}&#8221;]Rivets for sewing jeans pockets.[\/et_pb_text][et_pb_code _builder_version=&#8221;4.16&#8243; global_colors_info=&#8221;{}&#8221;]<a name=\"boton-fijo\"><\/a>[\/et_pb_code][\/et_pb_column][\/et_pb_row][et_pb_row column_structure=&#8221;3_5,2_5&#8243; make_equal=&#8221;on&#8221; module_class=&#8221;productos&#8221; _builder_version=&#8221;4.16&#8243; width=&#8221;100%&#8221; module_alignment=&#8221;center&#8221; min_height=&#8221;90px&#8221; custom_margin=&#8221;10px|0px|10px|0px|false|false&#8221; custom_margin_tablet=&#8221;|0px|||false|false&#8221; custom_margin_phone=&#8221;&#8221; custom_margin_last_edited=&#8221;on|tablet&#8221; custom_padding=&#8221;20px|0px|15px|0px|false|false&#8221; border_width_top=&#8221;1px&#8221; global_colors_info=&#8221;{}&#8221;][et_pb_column type=&#8221;3_5&#8243; _builder_version=&#8221;4.16&#8243; global_colors_info=&#8221;{}&#8221;][et_pb_image src=&#8221;https:\/\/waldes.es\/wp-content\/uploads\/2019\/11\/Boton_fijo.jpg&#8221; show_in_lightbox=&#8221;on&#8221; _builder_version=&#8221;4.16&#8243; custom_padding=&#8221;0px||0px|||&#8221; global_colors_info=&#8221;{}&#8221;][\/et_pb_image][\/et_pb_column][et_pb_column type=&#8221;2_5&#8243; module_class=&#8221;ds-vertical-align&#8221; _builder_version=&#8221;4.16&#8243; global_colors_info=&#8221;{}&#8221;][et_pb_text _builder_version=&#8221;4.16&#8243; text_font=&#8221;Roboto Slab|700|||||||&#8221; text_font_size=&#8221;24px&#8221; custom_margin=&#8221;||19px|||&#8221; global_colors_info=&#8221;{}&#8221;]<\/p>\n<h2>Fixed button \u00d8 14-17-20<\/h2>\n<p>[\/et_pb_text][et_pb_text _builder_version=&#8221;4.16&#8243; text_font=&#8221;Roboto|300|||||||&#8221; text_font_size=&#8221;18px&#8221; custom_margin=&#8221;-11px|||||&#8221; hover_enabled=&#8221;0&#8243; text_font_size_tablet=&#8221;&#8221; text_font_size_phone=&#8221;15px&#8221; text_font_size_last_edited=&#8221;on|desktop&#8221; global_colors_info=&#8221;{}&#8221; sticky_enabled=&#8221;0&#8243;]Button for jeans and jeans jackets.[\/et_pb_text][et_pb_code _builder_version=&#8221;4.16&#8243; global_colors_info=&#8221;{}&#8221;]<a name=\"boton-movible\"><\/a>[\/et_pb_code][\/et_pb_column][\/et_pb_row][et_pb_row column_structure=&#8221;3_5,2_5&#8243; make_equal=&#8221;on&#8221; module_class=&#8221;productos&#8221; _builder_version=&#8221;4.16&#8243; width=&#8221;100%&#8221; module_alignment=&#8221;center&#8221; min_height=&#8221;90px&#8221; custom_margin=&#8221;20px|0px|13px|0px|false|false&#8221; custom_margin_tablet=&#8221;|0px|||false|false&#8221; custom_margin_phone=&#8221;&#8221; custom_margin_last_edited=&#8221;on|tablet&#8221; custom_padding=&#8221;5px|0px|15px|0px|false|false&#8221; border_width_top=&#8221;1px&#8221; global_colors_info=&#8221;{}&#8221;][et_pb_column type=&#8221;3_5&#8243; _builder_version=&#8221;4.16&#8243; global_colors_info=&#8221;{}&#8221;][et_pb_image src=&#8221;https:\/\/waldes.es\/wp-content\/uploads\/2019\/11\/Boton-Movible.jpg&#8221; show_in_lightbox=&#8221;on&#8221; _builder_version=&#8221;4.16&#8243; custom_padding=&#8221;0px||0px|||&#8221; global_colors_info=&#8221;{}&#8221;][\/et_pb_image][\/et_pb_column][et_pb_column type=&#8221;2_5&#8243; module_class=&#8221;ds-vertical-align&#8221; _builder_version=&#8221;4.16&#8243; global_colors_info=&#8221;{}&#8221;][et_pb_text _builder_version=&#8221;4.16&#8243; text_font=&#8221;Roboto Slab|700|||||||&#8221; text_font_size=&#8221;24px&#8221; custom_margin=&#8221;||19px|||&#8221; global_colors_info=&#8221;{}&#8221;]<\/p>\n<h2>Movable button \u00d8 14-17<\/h2>\n<p>[\/et_pb_text][et_pb_text _builder_version=&#8221;4.19.1&#8243; text_font=&#8221;Roboto|300|||||||&#8221; text_font_size=&#8221;18px&#8221; custom_margin=&#8221;-11px|||||&#8221; hover_enabled=&#8221;0&#8243; text_font_size_tablet=&#8221;&#8221; text_font_size_phone=&#8221;15px&#8221; text_font_size_last_edited=&#8221;on|desktop&#8221; global_colors_info=&#8221;{}&#8221; sticky_enabled=&#8221;0&#8243;]<\/p>\n<p>Button for jeans and jeans jackets.<\/p>\n<p>[\/et_pb_text][et_pb_code _builder_version=&#8221;4.16&#8243; global_colors_info=&#8221;{}&#8221;]<a name=\"boton-agujero-central\"><\/a>[\/et_pb_code][\/et_pb_column][\/et_pb_row][et_pb_row column_structure=&#8221;3_5,2_5&#8243; make_equal=&#8221;on&#8221; module_class=&#8221;productos&#8221; _builder_version=&#8221;4.16&#8243; width=&#8221;100%&#8221; module_alignment=&#8221;center&#8221; min_height=&#8221;90px&#8221; custom_margin=&#8221;8px|0px|0px|0px|false|false&#8221; custom_margin_tablet=&#8221;|0px|||false|false&#8221; custom_margin_phone=&#8221;&#8221; custom_margin_last_edited=&#8221;on|desktop&#8221; custom_padding=&#8221;15px|0px|31px|0px|false|false&#8221; border_width_top=&#8221;1px&#8221; global_colors_info=&#8221;{}&#8221;][et_pb_column type=&#8221;3_5&#8243; _builder_version=&#8221;4.16&#8243; global_colors_info=&#8221;{}&#8221;][et_pb_image src=&#8221;https:\/\/waldes.es\/wp-content\/uploads\/2019\/11\/Boton_agujero-central.jpg&#8221; show_in_lightbox=&#8221;on&#8221; _builder_version=&#8221;4.16&#8243; custom_padding=&#8221;0px||0px|||&#8221; global_colors_info=&#8221;{}&#8221;][\/et_pb_image][\/et_pb_column][et_pb_column type=&#8221;2_5&#8243; module_class=&#8221;ds-vertical-align&#8221; _builder_version=&#8221;4.16&#8243; global_colors_info=&#8221;{}&#8221;][et_pb_text _builder_version=&#8221;4.16&#8243; text_font=&#8221;Roboto Slab|700|||||||&#8221; text_font_size=&#8221;24px&#8221; custom_margin=&#8221;||19px|||&#8221; global_colors_info=&#8221;{}&#8221;]<\/p>\n<h2>Center hole button \u00d8 14-17-20-24<\/h2>\n<p>[\/et_pb_text][et_pb_text _builder_version=&#8221;4.16&#8243; text_font=&#8221;Roboto|300|||||||&#8221; text_font_size=&#8221;18px&#8221; custom_margin=&#8221;-11px|||||&#8221; text_font_size_tablet=&#8221;&#8221; text_font_size_phone=&#8221;15px&#8221; text_font_size_last_edited=&#8221;on|phone&#8221; global_colors_info=&#8221;{}&#8221;]Button for jeans and jeans jackets.[\/et_pb_text][et_pb_code _builder_version=&#8221;4.16&#8243; global_colors_info=&#8221;{}&#8221;]<a name=\"hebilla-peto\"><\/a>[\/et_pb_code][\/et_pb_column][\/et_pb_row][et_pb_row column_structure=&#8221;3_5,2_5&#8243; make_equal=&#8221;on&#8221; module_class=&#8221;productos&#8221; _builder_version=&#8221;4.16&#8243; width=&#8221;100%&#8221; module_alignment=&#8221;center&#8221; min_height=&#8221;90px&#8221; custom_margin=&#8221;-4px|0px|0px|0px|false|false&#8221; custom_margin_tablet=&#8221;|0px|||false|false&#8221; custom_margin_phone=&#8221;&#8221; custom_margin_last_edited=&#8221;on|tablet&#8221; custom_padding=&#8221;20px|0px|5px|0px|false|false&#8221; border_width_top=&#8221;1px&#8221; global_colors_info=&#8221;{}&#8221;][et_pb_column type=&#8221;3_5&#8243; _builder_version=&#8221;4.16&#8243; global_colors_info=&#8221;{}&#8221;][et_pb_image src=&#8221;https:\/\/waldes.es\/wp-content\/uploads\/2019\/11\/Hebilla-peto-y-corredera.jpg&#8221; show_in_lightbox=&#8221;on&#8221; _builder_version=&#8221;4.16&#8243; custom_padding=&#8221;0px||0px|||&#8221; global_colors_info=&#8221;{}&#8221;][\/et_pb_image][\/et_pb_column][et_pb_column type=&#8221;2_5&#8243; module_class=&#8221;ds-vertical-align&#8221; _builder_version=&#8221;4.16&#8243; global_colors_info=&#8221;{}&#8221;][et_pb_text _builder_version=&#8221;4.16&#8243; text_font=&#8221;Roboto Slab|700|||||||&#8221; text_font_size=&#8221;24px&#8221; custom_margin=&#8221;||19px|||&#8221; global_colors_info=&#8221;{}&#8221;]<\/p>\n<h2>Buckle and sliding buckle<\/h2>\n<p>[\/et_pb_text][et_pb_text _builder_version=&#8221;4.16&#8243; text_font=&#8221;Roboto|300|||||||&#8221; text_font_size=&#8221;18px&#8221; custom_margin=&#8221;-11px|||||&#8221; text_font_size_tablet=&#8221;&#8221; text_font_size_phone=&#8221;15px&#8221; text_font_size_last_edited=&#8221;on|phone&#8221; global_colors_info=&#8221;{}&#8221;]Tools to regulate the measurement on the ribbons worn by jeans.[\/et_pb_text][\/et_pb_column][\/et_pb_row][\/et_pb_section]<\/p>\n","protected":false},"excerpt":{"rendered":"<p>JeansWe have a wide range of buttons and rivets jeans, for all types of jeans, which can be customized with the client&#8217;s logo.Download the catalog in PDFSewing rivetRivets for sewing jeans pockets.Fixed button \u00d8 14-17-20Button for jeans and jeans jackets.Movable button \u00d8 14-17Button for jeans and jeans jackets.Center hole button \u00d8 14-17-20-24Button for jeans and [&hellip;]<\/p>\n","protected":false},"author":1,"featured_media":0,"parent":0,"menu_order":0,"comment_status":"closed","ping_status":"closed","template":"","meta":{"_et_pb_use_builder":"on","_et_pb_old_content":"","_et_gb_content_width":"","footnotes":""},"class_list":["post-3040","page","type-page","status-publish","hentry"],"yoast_head":"<!-- This site is optimized with the Yoast SEO plugin v27.4 - https:\/\/yoast.com\/product\/yoast-seo-wordpress\/ -->\n<title>Manufacturer of buttons and rivets for Texan - Ind\u00fastries Waldes<\/title>\n<meta name=\"description\" content=\"We have a wide range of buttons and rivets jeans, for all types of jeans, which can be customized with the client&#039;s logo.\" \/>\n<meta name=\"robots\" content=\"index, follow, max-snippet:-1, max-image-preview:large, max-video-preview:-1\" \/>\n<link rel=\"canonical\" href=\"https:\/\/waldes.es\/en\/jeans\/\" \/>\n<meta property=\"og:locale\" content=\"en_US\" \/>\n<meta property=\"og:type\" content=\"article\" \/>\n<meta property=\"og:title\" content=\"Manufacturer of buttons and rivets for Texan - Ind\u00fastries Waldes\" \/>\n<meta property=\"og:description\" content=\"We have a wide range of buttons and rivets jeans, for all types of jeans, which can be customized with the client&#039;s logo.\" \/>\n<meta property=\"og:url\" content=\"https:\/\/waldes.es\/en\/jeans\/\" \/>\n<meta property=\"og:site_name\" content=\"Waldes\" \/>\n<meta property=\"article:modified_time\" content=\"2022-11-30T13:58:02+00:00\" \/>\n<meta name=\"twitter:card\" content=\"summary_large_image\" \/>\n<meta name=\"twitter:label1\" content=\"Est. reading time\" \/>\n\t<meta name=\"twitter:data1\" content=\"8 minutes\" \/>\n<script type=\"application\/ld+json\" class=\"yoast-schema-graph\">{\"@context\":\"https:\\\/\\\/schema.org\",\"@graph\":[{\"@type\":\"WebPage\",\"@id\":\"https:\\\/\\\/waldes.es\\\/en\\\/jeans\\\/\",\"url\":\"https:\\\/\\\/waldes.es\\\/en\\\/jeans\\\/\",\"name\":\"Manufacturer of buttons and rivets for Texan - Ind\u00fastries Waldes\",\"isPartOf\":{\"@id\":\"https:\\\/\\\/waldes.es\\\/en\\\/#website\"},\"datePublished\":\"2019-12-22T14:59:05+00:00\",\"dateModified\":\"2022-11-30T13:58:02+00:00\",\"description\":\"We have a wide range of buttons and rivets jeans, for all types of jeans, which can be customized with the client's logo.\",\"breadcrumb\":{\"@id\":\"https:\\\/\\\/waldes.es\\\/en\\\/jeans\\\/#breadcrumb\"},\"inLanguage\":\"en-US\",\"potentialAction\":[{\"@type\":\"ReadAction\",\"target\":[\"https:\\\/\\\/waldes.es\\\/en\\\/jeans\\\/\"]}]},{\"@type\":\"BreadcrumbList\",\"@id\":\"https:\\\/\\\/waldes.es\\\/en\\\/jeans\\\/#breadcrumb\",\"itemListElement\":[{\"@type\":\"ListItem\",\"position\":1,\"name\":\"Portada\",\"item\":\"https:\\\/\\\/waldes.es\\\/en\\\/\"},{\"@type\":\"ListItem\",\"position\":2,\"name\":\"Jeans\"}]},{\"@type\":\"WebSite\",\"@id\":\"https:\\\/\\\/waldes.es\\\/en\\\/#website\",\"url\":\"https:\\\/\\\/waldes.es\\\/en\\\/\",\"name\":\"Waldes\",\"description\":\"Botones y broches\",\"potentialAction\":[{\"@type\":\"SearchAction\",\"target\":{\"@type\":\"EntryPoint\",\"urlTemplate\":\"https:\\\/\\\/waldes.es\\\/en\\\/?s={search_term_string}\"},\"query-input\":{\"@type\":\"PropertyValueSpecification\",\"valueRequired\":true,\"valueName\":\"search_term_string\"}}],\"inLanguage\":\"en-US\"}]}<\/script>\n<!-- \/ Yoast SEO plugin. -->","yoast_head_json":{"title":"Manufacturer of buttons and rivets for Texan - Ind\u00fastries Waldes","description":"We have a wide range of buttons and rivets jeans, for all types of jeans, which can be customized with the client's logo.","robots":{"index":"index","follow":"follow","max-snippet":"max-snippet:-1","max-image-preview":"max-image-preview:large","max-video-preview":"max-video-preview:-1"},"canonical":"https:\/\/waldes.es\/en\/jeans\/","og_locale":"en_US","og_type":"article","og_title":"Manufacturer of buttons and rivets for Texan - Ind\u00fastries Waldes","og_description":"We have a wide range of buttons and rivets jeans, for all types of jeans, which can be customized with the client's logo.","og_url":"https:\/\/waldes.es\/en\/jeans\/","og_site_name":"Waldes","article_modified_time":"2022-11-30T13:58:02+00:00","twitter_card":"summary_large_image","twitter_misc":{"Est. reading time":"8 minutes"},"schema":{"@context":"https:\/\/schema.org","@graph":[{"@type":"WebPage","@id":"https:\/\/waldes.es\/en\/jeans\/","url":"https:\/\/waldes.es\/en\/jeans\/","name":"Manufacturer of buttons and rivets for Texan - Ind\u00fastries Waldes","isPartOf":{"@id":"https:\/\/waldes.es\/en\/#website"},"datePublished":"2019-12-22T14:59:05+00:00","dateModified":"2022-11-30T13:58:02+00:00","description":"We have a wide range of buttons and rivets jeans, for all types of jeans, which can be customized with the client's logo.","breadcrumb":{"@id":"https:\/\/waldes.es\/en\/jeans\/#breadcrumb"},"inLanguage":"en-US","potentialAction":[{"@type":"ReadAction","target":["https:\/\/waldes.es\/en\/jeans\/"]}]},{"@type":"BreadcrumbList","@id":"https:\/\/waldes.es\/en\/jeans\/#breadcrumb","itemListElement":[{"@type":"ListItem","position":1,"name":"Portada","item":"https:\/\/waldes.es\/en\/"},{"@type":"ListItem","position":2,"name":"Jeans"}]},{"@type":"WebSite","@id":"https:\/\/waldes.es\/en\/#website","url":"https:\/\/waldes.es\/en\/","name":"Waldes","description":"Botones y broches","potentialAction":[{"@type":"SearchAction","target":{"@type":"EntryPoint","urlTemplate":"https:\/\/waldes.es\/en\/?s={search_term_string}"},"query-input":{"@type":"PropertyValueSpecification","valueRequired":true,"valueName":"search_term_string"}}],"inLanguage":"en-US"}]}},"_links":{"self":[{"href":"https:\/\/waldes.es\/en\/wp-json\/wp\/v2\/pages\/3040","targetHints":{"allow":["GET"]}}],"collection":[{"href":"https:\/\/waldes.es\/en\/wp-json\/wp\/v2\/pages"}],"about":[{"href":"https:\/\/waldes.es\/en\/wp-json\/wp\/v2\/types\/page"}],"author":[{"embeddable":true,"href":"https:\/\/waldes.es\/en\/wp-json\/wp\/v2\/users\/1"}],"replies":[{"embeddable":true,"href":"https:\/\/waldes.es\/en\/wp-json\/wp\/v2\/comments?post=3040"}],"version-history":[{"count":8,"href":"https:\/\/waldes.es\/en\/wp-json\/wp\/v2\/pages\/3040\/revisions"}],"predecessor-version":[{"id":5219,"href":"https:\/\/waldes.es\/en\/wp-json\/wp\/v2\/pages\/3040\/revisions\/5219"}],"wp:attachment":[{"href":"https:\/\/waldes.es\/en\/wp-json\/wp\/v2\/media?parent=3040"}],"curies":[{"name":"wp","href":"https:\/\/api.w.org\/{rel}","templated":true}]}}