{"id":4830,"date":"2022-11-22T10:57:52","date_gmt":"2022-11-22T10:57:52","guid":{"rendered":"https:\/\/waldes.es\/politica-de-privacidad\/"},"modified":"2022-11-22T10:57:52","modified_gmt":"2022-11-22T10:57:52","slug":"politica-de-privacidad","status":"publish","type":"page","link":"https:\/\/waldes.es\/en\/politica-de-privacidad\/","title":{"rendered":"Pol\u00edtica de privacidad"},"content":{"rendered":"<p>[et_pb_section fb_built=&#8221;1&#8243; _builder_version=&#8221;3.23.3&#8243; background_color=&#8221;#007eac&#8221; use_background_color_gradient=&#8221;on&#8221; background_color_gradient_start=&#8221;#00556e&#8221; background_color_gradient_end=&#8221;#007eac&#8221; background_color_gradient_end_position=&#8221;12%&#8221; top_divider_height=&#8221;20px&#8221;][et_pb_row _builder_version=&#8221;3.25&#8243; custom_margin=&#8221;0px||0px&#8221; custom_padding=&#8221;0px||0px&#8221;][et_pb_column type=&#8221;4_4&#8243; _builder_version=&#8221;3.25&#8243; custom_padding=&#8221;|||&#8221; custom_padding__hover=&#8221;|||&#8221;][et_pb_text _builder_version=&#8221;3.29.3&#8243; text_font=&#8221;Roboto Slab||||||||&#8221; text_text_color=&#8221;#FFFFFF&#8221; text_font_size=&#8221;45px&#8221; text_line_height=&#8221;1.1em&#8221; header_font=&#8221;||||||||&#8221; text_orientation=&#8221;center&#8221; text_text_align=&#8221;center&#8221;]<\/p>\n<p>Pol\u00edtica de privacidad &#8211; Protecci\u00f3n de datos<\/p>\n<p>[\/et_pb_text][\/et_pb_column][\/et_pb_row][\/et_pb_section][et_pb_section fb_built=&#8221;1&#8243; _builder_version=&#8221;3.29.3&#8243; width=&#8221;100%&#8221; width_tablet=&#8221;&#8221; width_phone=&#8221;&#8221; width_last_edited=&#8221;on|phone&#8221; max_width=&#8221;100%&#8221; min_height=&#8221;600px&#8221; min_height_tablet=&#8221;705px&#8221; min_height_phone=&#8221;1000px&#8221; min_height_last_edited=&#8221;on|tablet&#8221; custom_margin=&#8221;||5px|||&#8221; custom_padding=&#8221;||0px|||&#8221;][et_pb_row _builder_version=&#8221;3.25&#8243; background_size=&#8221;initial&#8221; background_position=&#8221;top_left&#8221; background_repeat=&#8221;repeat&#8221;][et_pb_column type=&#8221;4_4&#8243; _builder_version=&#8221;3.25&#8243; custom_padding=&#8221;|||&#8221; custom_padding__hover=&#8221;|||&#8221;][et_pb_text _builder_version=&#8221;4.0.6&#8243; text_font=&#8221;|300|||||||&#8221; background_size=&#8221;initial&#8221; background_position=&#8221;top_left&#8221; background_repeat=&#8221;repeat&#8221;]<\/p>\n<p>IND\u00daSTRIES WALDES SCCL est\u00e1 especialmente sensibilizada en la protecci\u00f3n de los datos de los Usuarios de los servicios a los que se accede a trav\u00e9s de su web. Mediante la presente Pol\u00edtica de Privacidad (en adelante , la Pol\u00edtica) IND\u00daSTRIES WALDES SCCL informa a los Usuarios del sitio web: www.waldes.es del tratamiento y usos a los que se someten los datos de car\u00e1cter personal que se recaban en la web, con el fin de que decidan, libre y voluntariamente, si desean facilitar la informaci\u00f3n solicitada.<\/p>\n<p>IND\u00daSTRIES WALDES SCCL se reserva la facultad de modificar esta Pol\u00edtica con el objeto de adaptarla a novedades legislativas, criterios jurisprudenciales, pr\u00e1cticas del sector, o intereses de la entidad. Cualquier modificaci\u00f3n en la misma ser\u00e1 anunciada con la debida antelaci\u00f3n, a fin de que tengas perfecto conocimiento de su contenido.<\/p>\n<p>Ciertos servicios prestados en el portal pueden contener condiciones particulares con previsiones en materia de protecci\u00f3n de Datos Personales. De ellos puedes informarte en los correspondientes apartados.<\/p>\n<h2>Titularidad del tratamiento<\/h2>\n<p>En dichos supuestos, los datos recabados por IND\u00daSTRIES WALDES SCCL ser\u00e1n incorporados a ficheros titularidad de IND\u00daSTRIES WALDES SCCL, debidamente inscritos en el Registro General de Protecci\u00f3n de Datos.<\/p>\n<h2>Usos y finalidades<\/h2>\n<p>La finalidad de la recogida y tratamiento de los datos personales es la gesti\u00f3n, prestaci\u00f3n y personalizaci\u00f3n de los servicios y contenidos del mismo que el Usuario utilice y de la cual se informar\u00e1 en cada apartado.<\/p>\n<h2>Comunicaci\u00f3n de los datos<\/h2>\n<p>Los datos recabados a trav\u00e9s de la web s\u00f3lo ser\u00e1n cedidos en aquellos casos en que expresamente se informe de ello al Usuario.<\/p>\n<h2>Actualizaci\u00f3n de los datos<\/h2>\n<p>Con el fin de que los datos obrantes en nuestras bases de datos siempre correspondan a tu situaci\u00f3n real deber\u00e1s mantenerlos actualizados, bien actualiz\u00e1ndolos t\u00fa directamente en los caso en que ello sea posible bien comunic\u00e1ndolo al departamento correspondiente.<\/p>\n<h2>Utilizaci\u00f3n de cookies<\/h2>\n<p>IND\u00daSTRIES WALDES SCCL emplea cookies para facilitar la navegaci\u00f3n por la p\u00e1gina, pero estas no almacenan ning\u00fan tipo de informaci\u00f3n personal del usuario.<\/p>\n<h2>Seguridad de los datos<\/h2>\n<p>IND\u00daSTRIES WALDES SCCL ha adoptado en su sistema de informaci\u00f3n las medidas t\u00e9cnicas y organizativas legalmente requeridas, a fin de garantizar la seguridad y confidencialidad de los datos almacenados, evitando as\u00ed, en la medida de lo posible, su alteraci\u00f3n, p\u00e9rdida, tratamiento o acceso no autorizado.<\/p>\n<h2>Derechos de los usuarios<\/h2>\n<p>En todo caso podr\u00e1s acceder a tus datos, rectificarlos, cancelarlos y en su caso, oponerte a su tratamiento:<br \/> a) bien mediante solicitud acompa\u00f1ada de una fotocopia de tu D.N.I., remitida a la siguiente direcci\u00f3n postal IND\u00daSTRIES WALDES SCCL. domiciliada en Barcelona (08005), C. Ram\u00f3n Turr\u00f3 111-125.<br \/> b) bien mandando un e-mail a la siguiente direcci\u00f3n de correo electr\u00f3nico: waldes@waldes.es<\/p>\n<p>[\/et_pb_text][\/et_pb_column][\/et_pb_row][\/et_pb_section]<\/p>\n","protected":false},"excerpt":{"rendered":"<p>Pol\u00edtica de privacidad &#8211; Protecci\u00f3n de datosIND\u00daSTRIES WALDES SCCL est\u00e1 especialmente sensibilizada en la protecci\u00f3n de los datos de los Usuarios de los servicios a los que se accede a trav\u00e9s de su web. Mediante la presente Pol\u00edtica de Privacidad (en adelante , la Pol\u00edtica) IND\u00daSTRIES WALDES SCCL informa a los Usuarios del sitio web: [&hellip;]<\/p>\n","protected":false},"author":1,"featured_media":0,"parent":0,"menu_order":0,"comment_status":"closed","ping_status":"open","template":"","meta":{"_et_pb_use_builder":"on","_et_pb_old_content":"","_et_gb_content_width":"","footnotes":""},"class_list":["post-4830","page","type-page","status-publish","hentry"],"yoast_head":"<!-- This site is optimized with the Yoast SEO plugin v27.4 - https:\/\/yoast.com\/product\/yoast-seo-wordpress\/ -->\n<title>Pol\u00edtica de privacidad - Waldes<\/title>\n<meta name=\"robots\" content=\"index, follow, max-snippet:-1, max-image-preview:large, max-video-preview:-1\" \/>\n<link rel=\"canonical\" href=\"https:\/\/waldes.es\/en\/politica-de-privacidad\/\" \/>\n<meta property=\"og:locale\" content=\"en_US\" \/>\n<meta property=\"og:type\" content=\"article\" \/>\n<meta property=\"og:title\" content=\"Pol\u00edtica de privacidad - Waldes\" \/>\n<meta property=\"og:description\" content=\"Pol\u00edtica de privacidad - Protecci\u00f3n de datosIND\u00daSTRIES WALDES SCCL est\u00e1 especialmente sensibilizada en la protecci\u00f3n de los datos de los Usuarios de los servicios a los que se accede a trav\u00e9s de su web. Mediante la presente Pol\u00edtica de Privacidad (en adelante , la Pol\u00edtica) IND\u00daSTRIES WALDES SCCL informa a los Usuarios del sitio web: [&hellip;]\" \/>\n<meta property=\"og:url\" content=\"https:\/\/waldes.es\/en\/politica-de-privacidad\/\" \/>\n<meta property=\"og:site_name\" content=\"Waldes\" \/>\n<meta name=\"twitter:card\" content=\"summary_large_image\" \/>\n<meta name=\"twitter:label1\" content=\"Est. reading time\" \/>\n\t<meta name=\"twitter:data1\" content=\"4 minutes\" \/>\n<script type=\"application\/ld+json\" class=\"yoast-schema-graph\">{\"@context\":\"https:\\\/\\\/schema.org\",\"@graph\":[{\"@type\":\"WebPage\",\"@id\":\"https:\\\/\\\/waldes.es\\\/en\\\/politica-de-privacidad\\\/\",\"url\":\"https:\\\/\\\/waldes.es\\\/en\\\/politica-de-privacidad\\\/\",\"name\":\"Pol\u00edtica de privacidad - Waldes\",\"isPartOf\":{\"@id\":\"https:\\\/\\\/waldes.es\\\/en\\\/#website\"},\"datePublished\":\"2022-11-22T10:57:52+00:00\",\"breadcrumb\":{\"@id\":\"https:\\\/\\\/waldes.es\\\/en\\\/politica-de-privacidad\\\/#breadcrumb\"},\"inLanguage\":\"en-US\",\"potentialAction\":[{\"@type\":\"ReadAction\",\"target\":[\"https:\\\/\\\/waldes.es\\\/en\\\/politica-de-privacidad\\\/\"]}]},{\"@type\":\"BreadcrumbList\",\"@id\":\"https:\\\/\\\/waldes.es\\\/en\\\/politica-de-privacidad\\\/#breadcrumb\",\"itemListElement\":[{\"@type\":\"ListItem\",\"position\":1,\"name\":\"Portada\",\"item\":\"https:\\\/\\\/waldes.es\\\/en\\\/\"},{\"@type\":\"ListItem\",\"position\":2,\"name\":\"Pol\u00edtica de privacidad\"}]},{\"@type\":\"WebSite\",\"@id\":\"https:\\\/\\\/waldes.es\\\/en\\\/#website\",\"url\":\"https:\\\/\\\/waldes.es\\\/en\\\/\",\"name\":\"Waldes\",\"description\":\"Botones y broches\",\"potentialAction\":[{\"@type\":\"SearchAction\",\"target\":{\"@type\":\"EntryPoint\",\"urlTemplate\":\"https:\\\/\\\/waldes.es\\\/en\\\/?s={search_term_string}\"},\"query-input\":{\"@type\":\"PropertyValueSpecification\",\"valueRequired\":true,\"valueName\":\"search_term_string\"}}],\"inLanguage\":\"en-US\"}]}<\/script>\n<!-- \/ Yoast SEO plugin. -->","yoast_head_json":{"title":"Pol\u00edtica de privacidad - Waldes","robots":{"index":"index","follow":"follow","max-snippet":"max-snippet:-1","max-image-preview":"max-image-preview:large","max-video-preview":"max-video-preview:-1"},"canonical":"https:\/\/waldes.es\/en\/politica-de-privacidad\/","og_locale":"en_US","og_type":"article","og_title":"Pol\u00edtica de privacidad - Waldes","og_description":"Pol\u00edtica de privacidad - Protecci\u00f3n de datosIND\u00daSTRIES WALDES SCCL est\u00e1 especialmente sensibilizada en la protecci\u00f3n de los datos de los Usuarios de los servicios a los que se accede a trav\u00e9s de su web. Mediante la presente Pol\u00edtica de Privacidad (en adelante , la Pol\u00edtica) IND\u00daSTRIES WALDES SCCL informa a los Usuarios del sitio web: [&hellip;]","og_url":"https:\/\/waldes.es\/en\/politica-de-privacidad\/","og_site_name":"Waldes","twitter_card":"summary_large_image","twitter_misc":{"Est. reading time":"4 minutes"},"schema":{"@context":"https:\/\/schema.org","@graph":[{"@type":"WebPage","@id":"https:\/\/waldes.es\/en\/politica-de-privacidad\/","url":"https:\/\/waldes.es\/en\/politica-de-privacidad\/","name":"Pol\u00edtica de privacidad - Waldes","isPartOf":{"@id":"https:\/\/waldes.es\/en\/#website"},"datePublished":"2022-11-22T10:57:52+00:00","breadcrumb":{"@id":"https:\/\/waldes.es\/en\/politica-de-privacidad\/#breadcrumb"},"inLanguage":"en-US","potentialAction":[{"@type":"ReadAction","target":["https:\/\/waldes.es\/en\/politica-de-privacidad\/"]}]},{"@type":"BreadcrumbList","@id":"https:\/\/waldes.es\/en\/politica-de-privacidad\/#breadcrumb","itemListElement":[{"@type":"ListItem","position":1,"name":"Portada","item":"https:\/\/waldes.es\/en\/"},{"@type":"ListItem","position":2,"name":"Pol\u00edtica de privacidad"}]},{"@type":"WebSite","@id":"https:\/\/waldes.es\/en\/#website","url":"https:\/\/waldes.es\/en\/","name":"Waldes","description":"Botones y broches","potentialAction":[{"@type":"SearchAction","target":{"@type":"EntryPoint","urlTemplate":"https:\/\/waldes.es\/en\/?s={search_term_string}"},"query-input":{"@type":"PropertyValueSpecification","valueRequired":true,"valueName":"search_term_string"}}],"inLanguage":"en-US"}]}},"_links":{"self":[{"href":"https:\/\/waldes.es\/en\/wp-json\/wp\/v2\/pages\/4830","targetHints":{"allow":["GET"]}}],"collection":[{"href":"https:\/\/waldes.es\/en\/wp-json\/wp\/v2\/pages"}],"about":[{"href":"https:\/\/waldes.es\/en\/wp-json\/wp\/v2\/types\/page"}],"author":[{"embeddable":true,"href":"https:\/\/waldes.es\/en\/wp-json\/wp\/v2\/users\/1"}],"replies":[{"embeddable":true,"href":"https:\/\/waldes.es\/en\/wp-json\/wp\/v2\/comments?post=4830"}],"version-history":[{"count":2,"href":"https:\/\/waldes.es\/en\/wp-json\/wp\/v2\/pages\/4830\/revisions"}],"predecessor-version":[{"id":4832,"href":"https:\/\/waldes.es\/en\/wp-json\/wp\/v2\/pages\/4830\/revisions\/4832"}],"wp:attachment":[{"href":"https:\/\/waldes.es\/en\/wp-json\/wp\/v2\/media?parent=4830"}],"curies":[{"name":"wp","href":"https:\/\/api.w.org\/{rel}","templated":true}]}}